{"id":3382,"date":"2023-08-12T10:15:41","date_gmt":"2023-08-12T15:15:41","guid":{"rendered":"https:\/\/biomedicals.com.co\/?post_type=product&#038;p=3382"},"modified":"2023-09-25T12:23:34","modified_gmt":"2023-09-25T17:23:34","slug":"linterna-de-diagnostico","status":"publish","type":"product","link":"https:\/\/biomedicals.com.co\/index.php\/producto\/linterna-de-diagnostico\/","title":{"rendered":"LINTERNA DE DIAGNOSTICO"},"content":{"rendered":"<p><span style=\"font-weight: 400;\">Es un instrumento de diagn\u00f3stico b\u00e1sico que permite reconocimientos visuales generales en diferentes partes del cuerpo y la exploraci\u00f3n de pupilas y ojos. Su dise\u00f1o pr\u00e1ctico de encendido y apagado la hace f\u00e1cil de usar y transportar. Ideal para profesionales de la salud en el \u00e1mbito cl\u00ednico y veterinario<\/span> <span style=\"font-weight: 400;\">Realizaci\u00f3n del examen ocular, para su realizaci\u00f3n se solicita al paciente que mire directamente a una linterna posicionada a 2 pies (66 cent\u00edmetros) frente a sus ojos.<\/span><\/p>\n<p><strong>Caracter\u00edsticas:<\/strong><\/p>\n<ul>\n<li>Marca: Prestige.<\/li>\n<li><span style=\"font-weight: 400;\">Bombillo de 2.2 voltios<\/span><\/li>\n<li><span style=\"font-weight: 400;\">Encendido retr\u00e1ctil<\/span><\/li>\n<li><span style=\"font-weight: 400;\">2 Bater\u00edas AAA (incluidas)<\/span><\/li>\n<li><span style=\"font-weight: 400;\">Modelo tipo esfero<\/span> <span style=\"font-weight: 400;\">Colores: negro, gris, rosado, morado y blanco.<\/span><\/li>\n<\/ul>\n","protected":false},"excerpt":{"rendered":"<p><span style=\"font-weight: 400;\">Linterna de Diagn\u00f3stico met\u00e1lica, fabricada en material met\u00e1lico e iluminaci\u00f3n est\u00e1ndar 100% luz amarilla para un excelente examen m\u00e9dico.<\/span><\/p>\n<p>&nbsp;<\/p>\n","protected":false},"featured_media":3383,"comment_status":"open","ping_status":"closed","template":"","meta":[],"product_cat":[74,84],"product_tag":[],"acf":[],"aioseo_notices":[],"_links":{"self":[{"href":"https:\/\/biomedicals.com.co\/index.php\/wp-json\/wp\/v2\/product\/3382"}],"collection":[{"href":"https:\/\/biomedicals.com.co\/index.php\/wp-json\/wp\/v2\/product"}],"about":[{"href":"https:\/\/biomedicals.com.co\/index.php\/wp-json\/wp\/v2\/types\/product"}],"replies":[{"embeddable":true,"href":"https:\/\/biomedicals.com.co\/index.php\/wp-json\/wp\/v2\/comments?post=3382"}],"wp:featuredmedia":[{"embeddable":true,"href":"https:\/\/biomedicals.com.co\/index.php\/wp-json\/wp\/v2\/media\/3383"}],"wp:attachment":[{"href":"https:\/\/biomedicals.com.co\/index.php\/wp-json\/wp\/v2\/media?parent=3382"}],"wp:term":[{"taxonomy":"product_cat","embeddable":true,"href":"https:\/\/biomedicals.com.co\/index.php\/wp-json\/wp\/v2\/product_cat?post=3382"},{"taxonomy":"product_tag","embeddable":true,"href":"https:\/\/biomedicals.com.co\/index.php\/wp-json\/wp\/v2\/product_tag?post=3382"}],"curies":[{"name":"wp","href":"https:\/\/api.w.org\/{rel}","templated":true}]}}