{"id":3395,"date":"2023-08-14T10:45:42","date_gmt":"2023-08-14T15:45:42","guid":{"rendered":"https:\/\/biomedicals.com.co\/?post_type=product&#038;p=3395"},"modified":"2023-09-25T11:20:09","modified_gmt":"2023-09-25T16:20:09","slug":"termometro-digital-punta-rigida","status":"publish","type":"product","link":"https:\/\/biomedicals.com.co\/index.php\/producto\/termometro-digital-punta-rigida\/","title":{"rendered":"TERMOMETRO DIGITAL PUNTA RIGIDA"},"content":{"rendered":"<p><span style=\"font-weight: 400;\">Para medir la temperatura corporal al instante de forma precisa en ni\u00f1os y adultos. F\u00e1cil manejo, gran exactitud y el tiempo de respuesta o lectura es menor a un minuto, tiene alarma de medici\u00f3n.<\/span><\/p>\n<p><strong>Caracter\u00edsticas:<\/strong><\/p>\n<ul>\n<li><span style=\"font-weight: 400;\"> Punta de medici\u00f3n rigida<\/span><span style=\"font-weight: 400;\"><br \/>\n<\/span><span style=\"font-weight: 400;\">\u2022 Apagado autom\u00e1tico<\/span><span style=\"font-weight: 400;\"><br \/>\n<\/span><span style=\"font-weight: 400;\">\u2022 Medici\u00f3n rectal, oral, y axilar<\/span><span style=\"font-weight: 400;\"><br \/>\n<\/span><span style=\"font-weight: 400;\">\u2022 Punta de N\u00edquel<\/span><span style=\"font-weight: 400;\"><br \/>\n<\/span><span style=\"font-weight: 400;\">\u2022 Indicador de bater\u00eda baja<\/span><span style=\"font-weight: 400;\"><br \/>\n<\/span><span style=\"font-weight: 400;\">\u2022 Bater\u00eda reemplazable<\/span><span style=\"font-weight: 400;\"><br \/>\n<\/span><span style=\"font-weight: 400;\">\u2022 Libre de mercurio<\/span><\/li>\n<\/ul>\n<p><strong>Recomendaciones de uso:<\/strong><\/p>\n<p><span style=\"font-weight: 400;\">\u2022 El term\u00f3metro digital punta r\u00edgida solo est\u00e1 dise\u00f1ado para usarse en el punto de medici\u00f3n del cuerpo humano indicado en las instrucciones de uso.<\/span><span style=\"font-weight: 400;\"><br \/>\n<\/span><span style=\"font-weight: 400;\">\u2022 Controle siempre el term\u00f3metro antes de utilizarlo, para descartar desgastes o deterioros, dado que en estos casos no debe utilizarlo m\u00e1s.<\/span><span style=\"font-weight: 400;\"><br \/>\n<\/span><span style=\"font-weight: 400;\">\u2022 La medici\u00f3n se debe realizar estrictamente y sin excepci\u00f3n hasta que suene la se\u00f1al ac\u00fastica.<\/span><span style=\"font-weight: 400;\"><br \/>\n<\/span><span style=\"font-weight: 400;\">\u2022 El term\u00f3metro digital punta r\u00edgida consta de piezas electr\u00f3nicas sensibles. Por esta raz\u00f3n, prot\u00e9jalo de los golpes, las dobladuras, las altas temperaturas y no lo exponga a la luz directa del sol.<\/span><span style=\"font-weight: 400;\"><br \/>\n<\/span><span style=\"font-weight: 400;\">\u2022 El funcionamiento en campos electromagn\u00e9ticos fuertes, por ejemplo, al lado de un tel\u00e9fono m\u00f3vil, puede alterar las funciones del term\u00f3metro.<\/span><span style=\"font-weight: 400;\"><br \/>\n<\/span><span style=\"font-weight: 400;\">\u2022 Al encenderlo, el term\u00f3metro realiza una prueba autom\u00e1tica. Por esta raz\u00f3n un control regular de la exactitud de la medici\u00f3n no es necesario.<\/span><\/p>\n","protected":false},"excerpt":{"rendered":"<p>Este term\u00f3metro digital brinda lecturas r\u00e1pidas y precisas. Cuenta con punta r\u00edgida y pantalla LCD para visualizaci\u00f3n de resultados de manera f\u00e1cil y pr\u00e1ctica. Su uso es bucal o axilar.<\/p>\n","protected":false},"featured_media":3396,"comment_status":"open","ping_status":"closed","template":"","meta":[],"product_cat":[74,86],"product_tag":[],"acf":[],"aioseo_notices":[],"_links":{"self":[{"href":"https:\/\/biomedicals.com.co\/index.php\/wp-json\/wp\/v2\/product\/3395"}],"collection":[{"href":"https:\/\/biomedicals.com.co\/index.php\/wp-json\/wp\/v2\/product"}],"about":[{"href":"https:\/\/biomedicals.com.co\/index.php\/wp-json\/wp\/v2\/types\/product"}],"replies":[{"embeddable":true,"href":"https:\/\/biomedicals.com.co\/index.php\/wp-json\/wp\/v2\/comments?post=3395"}],"wp:featuredmedia":[{"embeddable":true,"href":"https:\/\/biomedicals.com.co\/index.php\/wp-json\/wp\/v2\/media\/3396"}],"wp:attachment":[{"href":"https:\/\/biomedicals.com.co\/index.php\/wp-json\/wp\/v2\/media?parent=3395"}],"wp:term":[{"taxonomy":"product_cat","embeddable":true,"href":"https:\/\/biomedicals.com.co\/index.php\/wp-json\/wp\/v2\/product_cat?post=3395"},{"taxonomy":"product_tag","embeddable":true,"href":"https:\/\/biomedicals.com.co\/index.php\/wp-json\/wp\/v2\/product_tag?post=3395"}],"curies":[{"name":"wp","href":"https:\/\/api.w.org\/{rel}","templated":true}]}}