{"id":3397,"date":"2023-08-14T10:48:11","date_gmt":"2023-08-14T15:48:11","guid":{"rendered":"https:\/\/biomedicals.com.co\/?post_type=product&#038;p=3397"},"modified":"2023-09-25T11:01:51","modified_gmt":"2023-09-25T16:01:51","slug":"termometro-infrarrojo-sin-contacto","status":"publish","type":"product","link":"https:\/\/biomedicals.com.co\/index.php\/producto\/termometro-infrarrojo-sin-contacto\/","title":{"rendered":"TERMOMETRO INFRARROJO SIN CONTACTO"},"content":{"rendered":"<p><span style=\"font-weight: 400;\">El term\u00f3metro digital infrarrojo sin contacto tipo pistola, tiene un sistema de medici\u00f3n avanzada capaz de medir temperatura en un 1 segundo . Con su pantalla LCD que te indica la temperatura gracias al color que se ilumina: verde si el paciente est\u00e1 perfectamente; amarillo cuando se encuentra por encima de la temperatura ideal; y rojo cuando es necesario tratamiento a esta persona. Tendr\u00e1s claro a qu\u00e9 temperatura se encuentra el objeto, la persona o la habitaci\u00f3n.<\/span><\/p>\n<p><span style=\"font-weight: 400;\">Este term\u00f3metro es capaz de medir la temperatura de su cuerpo para saber si tiene fiebre, simplemente apuntando a su frente. Es seguro y preciso. Est\u00e1 dise\u00f1ado con un sensor infrarrojo de alta precisi\u00f3n, que puede escanear de manera r\u00e1pida la temperatura del cuerpo. Como es inteligente puede usarse tambi\u00e9n para los objetos y saber a qu\u00e9 temperatura se encuentran. Tambi\u00e9n est\u00e1 creado para poder llevar el seguimiento, con su capacidad de guardar hasta 32 temperaturas. Podr\u00e1s colocarlo en \u00baC y \u00baF. ideal para uso empresarial y dom\u00e9stico.<\/span><\/p>\n","protected":false},"excerpt":{"rendered":"<p>Sensor de infrarrojos, medici\u00f3n de temperatura r\u00e1pida y precisa, restauraci\u00f3n con una sola tecla, conveniente y r\u00e1pido.<\/p>\n","protected":false},"featured_media":3398,"comment_status":"open","ping_status":"closed","template":"","meta":[],"product_cat":[74,86],"product_tag":[],"acf":[],"aioseo_notices":[],"_links":{"self":[{"href":"https:\/\/biomedicals.com.co\/index.php\/wp-json\/wp\/v2\/product\/3397"}],"collection":[{"href":"https:\/\/biomedicals.com.co\/index.php\/wp-json\/wp\/v2\/product"}],"about":[{"href":"https:\/\/biomedicals.com.co\/index.php\/wp-json\/wp\/v2\/types\/product"}],"replies":[{"embeddable":true,"href":"https:\/\/biomedicals.com.co\/index.php\/wp-json\/wp\/v2\/comments?post=3397"}],"wp:featuredmedia":[{"embeddable":true,"href":"https:\/\/biomedicals.com.co\/index.php\/wp-json\/wp\/v2\/media\/3398"}],"wp:attachment":[{"href":"https:\/\/biomedicals.com.co\/index.php\/wp-json\/wp\/v2\/media?parent=3397"}],"wp:term":[{"taxonomy":"product_cat","embeddable":true,"href":"https:\/\/biomedicals.com.co\/index.php\/wp-json\/wp\/v2\/product_cat?post=3397"},{"taxonomy":"product_tag","embeddable":true,"href":"https:\/\/biomedicals.com.co\/index.php\/wp-json\/wp\/v2\/product_tag?post=3397"}],"curies":[{"name":"wp","href":"https:\/\/api.w.org\/{rel}","templated":true}]}}