{"id":3413,"date":"2023-08-14T11:55:29","date_gmt":"2023-08-14T16:55:29","guid":{"rendered":"https:\/\/biomedicals.com.co\/?post_type=product&#038;p=3413"},"modified":"2023-08-14T11:55:29","modified_gmt":"2023-08-14T16:55:29","slug":"balon-mani-puya","status":"publish","type":"product","link":"https:\/\/biomedicals.com.co\/index.php\/producto\/balon-mani-puya\/","title":{"rendered":"BAL\u00d3N MANI PUYA"},"content":{"rendered":"<p>BAL\u00d3N MANI PUYA El BAL\u00d3N MANI PUYA es una herramienta excelente para mejorar la fuerza abdominal, la postura y la flexibilidad. Tambi\u00e9n pueden proporcionar una ayuda al entrenamiento de la parte superior y central del cuerpo, mejorando as\u00ed la condici\u00f3n f\u00edsica general. El BAL\u00d3N MANI PUYA de estabilidad est\u00e1 fabricado con part\u00edculas de alta densidad<\/p>\n","protected":false},"excerpt":{"rendered":"<p>BAL\u00d3N MANI PUYA El BAL\u00d3N MANI PUYA es una herramienta excelente para mejorar la fuerza abdominal, la postura y la flexibilidad<\/p>\n","protected":false},"featured_media":3414,"comment_status":"open","ping_status":"closed","template":"","meta":[],"product_cat":[91,90],"product_tag":[],"acf":[],"aioseo_notices":[],"_links":{"self":[{"href":"https:\/\/biomedicals.com.co\/index.php\/wp-json\/wp\/v2\/product\/3413"}],"collection":[{"href":"https:\/\/biomedicals.com.co\/index.php\/wp-json\/wp\/v2\/product"}],"about":[{"href":"https:\/\/biomedicals.com.co\/index.php\/wp-json\/wp\/v2\/types\/product"}],"replies":[{"embeddable":true,"href":"https:\/\/biomedicals.com.co\/index.php\/wp-json\/wp\/v2\/comments?post=3413"}],"wp:featuredmedia":[{"embeddable":true,"href":"https:\/\/biomedicals.com.co\/index.php\/wp-json\/wp\/v2\/media\/3414"}],"wp:attachment":[{"href":"https:\/\/biomedicals.com.co\/index.php\/wp-json\/wp\/v2\/media?parent=3413"}],"wp:term":[{"taxonomy":"product_cat","embeddable":true,"href":"https:\/\/biomedicals.com.co\/index.php\/wp-json\/wp\/v2\/product_cat?post=3413"},{"taxonomy":"product_tag","embeddable":true,"href":"https:\/\/biomedicals.com.co\/index.php\/wp-json\/wp\/v2\/product_tag?post=3413"}],"curies":[{"name":"wp","href":"https:\/\/api.w.org\/{rel}","templated":true}]}}