{"id":3417,"date":"2023-08-14T11:58:27","date_gmt":"2023-08-14T16:58:27","guid":{"rendered":"https:\/\/biomedicals.com.co\/?post_type=product&#038;p=3417"},"modified":"2023-08-14T11:58:27","modified_gmt":"2023-08-14T16:58:27","slug":"balon-mani-liso","status":"publish","type":"product","link":"https:\/\/biomedicals.com.co\/index.php\/producto\/balon-mani-liso\/","title":{"rendered":"BAL\u00d3N MANI LISO"},"content":{"rendered":"<p><span style=\"font-weight: 400;\">BAL\u00d3N MANI LISO El BAL\u00d3N MANI LISO es una herramienta en forma de man\u00ed es excelente para mejorar la fuerza abdominal, la postura y la flexibilidad. Tambi\u00e9n pueden proporcionar una ayuda al entrenamiento de la parte superior y central del cuerpo, mejorando as\u00ed la condici\u00f3n f\u00edsica general. Utilizado como parte rutinaria en los ejercicios para<\/span><\/p>\n","protected":false},"excerpt":{"rendered":"<p><span style=\"font-weight: 400;\">BAL\u00d3N MANI LISO El BAL\u00d3N MANI LISO es una herramienta en forma de man\u00ed es excelente para mejorar la fuerza abdominal, la postura y la flexibilidad<\/span><\/p>\n","protected":false},"featured_media":3418,"comment_status":"open","ping_status":"closed","template":"","meta":[],"product_cat":[91,90],"product_tag":[],"acf":[],"aioseo_notices":[],"_links":{"self":[{"href":"https:\/\/biomedicals.com.co\/index.php\/wp-json\/wp\/v2\/product\/3417"}],"collection":[{"href":"https:\/\/biomedicals.com.co\/index.php\/wp-json\/wp\/v2\/product"}],"about":[{"href":"https:\/\/biomedicals.com.co\/index.php\/wp-json\/wp\/v2\/types\/product"}],"replies":[{"embeddable":true,"href":"https:\/\/biomedicals.com.co\/index.php\/wp-json\/wp\/v2\/comments?post=3417"}],"wp:featuredmedia":[{"embeddable":true,"href":"https:\/\/biomedicals.com.co\/index.php\/wp-json\/wp\/v2\/media\/3418"}],"wp:attachment":[{"href":"https:\/\/biomedicals.com.co\/index.php\/wp-json\/wp\/v2\/media?parent=3417"}],"wp:term":[{"taxonomy":"product_cat","embeddable":true,"href":"https:\/\/biomedicals.com.co\/index.php\/wp-json\/wp\/v2\/product_cat?post=3417"},{"taxonomy":"product_tag","embeddable":true,"href":"https:\/\/biomedicals.com.co\/index.php\/wp-json\/wp\/v2\/product_tag?post=3417"}],"curies":[{"name":"wp","href":"https:\/\/api.w.org\/{rel}","templated":true}]}}