{"id":3419,"date":"2023-08-14T12:03:12","date_gmt":"2023-08-14T17:03:12","guid":{"rendered":"https:\/\/biomedicals.com.co\/?post_type=product&#038;p=3419"},"modified":"2023-08-14T12:03:12","modified_gmt":"2023-08-14T17:03:12","slug":"balon-de-bobath-anti-b","status":"publish","type":"product","link":"https:\/\/biomedicals.com.co\/index.php\/producto\/balon-de-bobath-anti-b\/","title":{"rendered":"BAL\u00d3N DE BOBATH ANTI-B"},"content":{"rendered":"<p><span style=\"font-weight: 400;\">El BAL\u00d3N DE BOBATH ANTI-B es una herramienta excelente para mejorar la fuerza abdominal, la postura y la flexibilidad. Cuando se combinan con el uso de pesas, tambi\u00e9n pueden proporcionar una ayuda al entrenamiento de la parte superior y central del cuerpo, mejorando as\u00ed la condici\u00f3n f\u00edsica general.<\/span><\/p>\n<p><span style=\"font-weight: 400;\">El BAL\u00d3N DE BOBATH ANTI-B de estabilidad est\u00e1 fabricado con part\u00edculas de alta densidad y permite un uso intensivo con menor desgaste, ideal para los ambientes profesionales.<\/span><\/p>\n<p><span style=\"font-weight: 400;\">Su tecnolog\u00eda anti-estallidos representa un elemento a tomar en cuenta cuando hablamos de seguridad durante el ejercicio ya que en caso de pinchazo evitar\u00e1 un estallido brusco y se desinflar\u00e1 lentamente, evitando cualquier posible lesi\u00f3n.<\/span><\/p>\n<p><span style=\"font-weight: 400;\">Utilizado como parte rutinaria en los ejercicios para mejorar la fuerza y la estabilidad, su base lastrada a\u00f1ade un desaf\u00edo extra a sus entrenamientos habituales, asegurando que no ruede durante el ejercicio<\/span><\/p>\n","protected":false},"excerpt":{"rendered":"<p><span style=\"font-weight: 400;\">El BAL\u00d3N DE BOBATH ANTI-B es una herramienta excelente para mejorar la fuerza abdominal, la postura y la flexibilidad<\/span><\/p>\n","protected":false},"featured_media":3420,"comment_status":"open","ping_status":"closed","template":"","meta":[],"product_cat":[91,90],"product_tag":[],"acf":[],"aioseo_notices":[],"_links":{"self":[{"href":"https:\/\/biomedicals.com.co\/index.php\/wp-json\/wp\/v2\/product\/3419"}],"collection":[{"href":"https:\/\/biomedicals.com.co\/index.php\/wp-json\/wp\/v2\/product"}],"about":[{"href":"https:\/\/biomedicals.com.co\/index.php\/wp-json\/wp\/v2\/types\/product"}],"replies":[{"embeddable":true,"href":"https:\/\/biomedicals.com.co\/index.php\/wp-json\/wp\/v2\/comments?post=3419"}],"wp:featuredmedia":[{"embeddable":true,"href":"https:\/\/biomedicals.com.co\/index.php\/wp-json\/wp\/v2\/media\/3420"}],"wp:attachment":[{"href":"https:\/\/biomedicals.com.co\/index.php\/wp-json\/wp\/v2\/media?parent=3419"}],"wp:term":[{"taxonomy":"product_cat","embeddable":true,"href":"https:\/\/biomedicals.com.co\/index.php\/wp-json\/wp\/v2\/product_cat?post=3419"},{"taxonomy":"product_tag","embeddable":true,"href":"https:\/\/biomedicals.com.co\/index.php\/wp-json\/wp\/v2\/product_tag?post=3419"}],"curies":[{"name":"wp","href":"https:\/\/api.w.org\/{rel}","templated":true}]}}