{"id":3429,"date":"2023-08-14T14:14:36","date_gmt":"2023-08-14T19:14:36","guid":{"rendered":"https:\/\/biomedicals.com.co\/?post_type=product&#038;p=3429"},"modified":"2023-08-14T14:14:37","modified_gmt":"2023-08-14T19:14:37","slug":"bandas-para-fijar-electrodos","status":"publish","type":"product","link":"https:\/\/biomedicals.com.co\/index.php\/producto\/bandas-para-fijar-electrodos\/","title":{"rendered":"BANDAS PARA FIJAR ELECTRODOS"},"content":{"rendered":"<p><span style=\"font-weight: 400;\">ESPECIFICACIONES T\u00c9CNICAS<\/span><\/p>\n<ul>\n<li style=\"font-weight: 400;\" aria-level=\"1\"><span style=\"font-weight: 400;\">Banda el\u00e1stica para sujeci\u00f3n de electrodos carbonados<\/span><\/li>\n<li style=\"font-weight: 400;\" aria-level=\"1\"><span style=\"font-weight: 400;\">Herrajes en acero<\/span><\/li>\n<li style=\"font-weight: 400;\" aria-level=\"1\"><span style=\"font-weight: 400;\">Juego x 6 unidades<\/span><\/li>\n<\/ul>\n<p><span style=\"font-weight: 400;\">Tama\u00f1os y medidas:<\/span><span style=\"font-weight: 400;\"><br \/>\n<\/span><span style=\"font-weight: 400;\">\u2013 2xPeque\u00f1as (2.5 cm x 30 cm)<\/span><span style=\"font-weight: 400;\"><br \/>\n<\/span><span style=\"font-weight: 400;\">\u2013 2xMedianas (2.5 cm x 50 cm)<\/span><span style=\"font-weight: 400;\"><br \/>\n<\/span><span style=\"font-weight: 400;\">\u2013 2xGrandes (2.5 cm x 100 cm)<\/span><\/p>\n","protected":false},"excerpt":{"rendered":"<p>ESPECIFICACIONES T\u00c9CNICAS Banda el\u00e1stica para sujeci\u00f3n de electrodos carbonados Herrajes en acero Juego x 6 unidades Tama\u00f1os y medidas: \u2013 2xPeque\u00f1as (2.5 cm x 30 cm) \u2013 2xMedianas (2.5 cm x 50 cm) \u2013 2xGrandes (2.5 cm x 100 cm)<\/p>\n","protected":false},"featured_media":3430,"comment_status":"open","ping_status":"closed","template":"","meta":[],"product_cat":[92,90],"product_tag":[],"acf":[],"aioseo_notices":[],"_links":{"self":[{"href":"https:\/\/biomedicals.com.co\/index.php\/wp-json\/wp\/v2\/product\/3429"}],"collection":[{"href":"https:\/\/biomedicals.com.co\/index.php\/wp-json\/wp\/v2\/product"}],"about":[{"href":"https:\/\/biomedicals.com.co\/index.php\/wp-json\/wp\/v2\/types\/product"}],"replies":[{"embeddable":true,"href":"https:\/\/biomedicals.com.co\/index.php\/wp-json\/wp\/v2\/comments?post=3429"}],"wp:featuredmedia":[{"embeddable":true,"href":"https:\/\/biomedicals.com.co\/index.php\/wp-json\/wp\/v2\/media\/3430"}],"wp:attachment":[{"href":"https:\/\/biomedicals.com.co\/index.php\/wp-json\/wp\/v2\/media?parent=3429"}],"wp:term":[{"taxonomy":"product_cat","embeddable":true,"href":"https:\/\/biomedicals.com.co\/index.php\/wp-json\/wp\/v2\/product_cat?post=3429"},{"taxonomy":"product_tag","embeddable":true,"href":"https:\/\/biomedicals.com.co\/index.php\/wp-json\/wp\/v2\/product_tag?post=3429"}],"curies":[{"name":"wp","href":"https:\/\/api.w.org\/{rel}","templated":true}]}}