{"id":3450,"date":"2023-08-14T15:05:07","date_gmt":"2023-08-14T20:05:07","guid":{"rendered":"https:\/\/biomedicals.com.co\/?post_type=product&#038;p=3450"},"modified":"2023-08-14T15:05:07","modified_gmt":"2023-08-14T20:05:07","slug":"pelotas-de-silicona-para-mano","status":"publish","type":"product","link":"https:\/\/biomedicals.com.co\/index.php\/producto\/pelotas-de-silicona-para-mano\/","title":{"rendered":"PELOTAS DE SILICONA PARA MANO"},"content":{"rendered":"<p><span style=\"font-weight: 400;\">Pelotas de silicona para el fortalecimiento de la mano en diferentes tama\u00f1os y formas.<\/span><\/p>\n<p><span style=\"font-weight: 400;\">Desarrollo muscular y mejora la movilidad. El apret\u00f3n de la pelota Manos es una herramienta practica que proporciona cinco resistencias consecutivas. Fortalece las manos, dedos y antebrazos en el entrenamiento de rehabilitaci\u00f3n o deportes espec\u00edficos.<\/span><\/p>\n<p><span style=\"font-weight: 400;\">USO:<\/span><\/p>\n<ul>\n<li style=\"font-weight: 400;\" aria-level=\"1\"><span style=\"font-weight: 400;\">La rehabilitaci\u00f3n despu\u00e9s de la cirug\u00eda en las manos o los brazos.<\/span><\/li>\n<li style=\"font-weight: 400;\" aria-level=\"1\"><span style=\"font-weight: 400;\">Restauraci\u00f3n de la funci\u00f3n en las manos los brazos o el hombro despu\u00e9s de un accidente cerebrovascular.<\/span><\/li>\n<li style=\"font-weight: 400;\" aria-level=\"1\"><span style=\"font-weight: 400;\">Reducci\u00f3n de dolor y rigidez en los dedos artr\u00edticos, las manos y las mu\u00f1ecas.<\/span><\/li>\n<li style=\"font-weight: 400;\" aria-level=\"1\"><span style=\"font-weight: 400;\">Relajaci\u00f3n del dolor en los m\u00fasculos tensos y reducir el estr\u00e9s.<\/span><\/li>\n<li style=\"font-weight: 400;\" aria-level=\"1\"><span style=\"font-weight: 400;\">Fortalecimiento de las manos.<\/span><\/li>\n<\/ul>\n<p><span style=\"font-weight: 400;\">TAMA\u00d1OS:<\/span><\/p>\n<ul>\n<li style=\"font-weight: 400;\" aria-level=\"1\"><span style=\"font-weight: 400;\">Redondas:<\/span><\/li>\n<li style=\"font-weight: 400;\" aria-level=\"1\"><span style=\"font-weight: 400;\">GRANDES di\u00e1metro: 10 cm<\/span><\/li>\n<li style=\"font-weight: 400;\" aria-level=\"1\"><span style=\"font-weight: 400;\">Juego x5 resistencias\u00a0 EJ-P08T<\/span><\/li>\n<li style=\"font-weight: 400;\" aria-level=\"1\"><span style=\"font-weight: 400;\">PEQUE\u00d1AS di\u00e1metro: 6 cm<\/span><\/li>\n<li style=\"font-weight: 400;\" aria-level=\"1\"><span style=\"font-weight: 400;\">Juego x5 resistencias EJ-P10T<\/span><\/li>\n<li style=\"font-weight: 400;\" aria-level=\"1\"><span style=\"font-weight: 400;\">FORMA DE HUEVO: Alto: 7cm<\/span><\/li>\n<li style=\"font-weight: 400;\" aria-level=\"1\"><span style=\"font-weight: 400;\">Juego x5 resistencias EJ-P09T<\/span><\/li>\n<\/ul>\n<p><span style=\"font-weight: 400;\">Resistencias:<\/span><span style=\"font-weight: 400;\"><br \/>\n<\/span><span style=\"font-weight: 400;\">Color Rosada: resistencia muy suave.<\/span><span style=\"font-weight: 400;\"><br \/>\n<\/span><span style=\"font-weight: 400;\">Color Az\u00fal: resistencia suave.<\/span><span style=\"font-weight: 400;\"><br \/>\n<\/span><span style=\"font-weight: 400;\">Color Verde: resistencia media.<\/span><span style=\"font-weight: 400;\"><br \/>\n<\/span><span style=\"font-weight: 400;\">Color Negra: resistencia firme.<\/span><span style=\"font-weight: 400;\"><br \/>\n<\/span><span style=\"font-weight: 400;\">Color Naranja: resistencia extra firme.<\/span><\/p>\n","protected":false},"excerpt":{"rendered":"<p><span style=\"font-weight: 400;\">Pelotas de silicona para el fortalecimiento de la mano en diferentes tama\u00f1os y formas.<\/span><\/p>\n","protected":false},"featured_media":3451,"comment_status":"open","ping_status":"closed","template":"","meta":[],"product_cat":[93,90],"product_tag":[],"acf":[],"aioseo_notices":[],"_links":{"self":[{"href":"https:\/\/biomedicals.com.co\/index.php\/wp-json\/wp\/v2\/product\/3450"}],"collection":[{"href":"https:\/\/biomedicals.com.co\/index.php\/wp-json\/wp\/v2\/product"}],"about":[{"href":"https:\/\/biomedicals.com.co\/index.php\/wp-json\/wp\/v2\/types\/product"}],"replies":[{"embeddable":true,"href":"https:\/\/biomedicals.com.co\/index.php\/wp-json\/wp\/v2\/comments?post=3450"}],"wp:featuredmedia":[{"embeddable":true,"href":"https:\/\/biomedicals.com.co\/index.php\/wp-json\/wp\/v2\/media\/3451"}],"wp:attachment":[{"href":"https:\/\/biomedicals.com.co\/index.php\/wp-json\/wp\/v2\/media?parent=3450"}],"wp:term":[{"taxonomy":"product_cat","embeddable":true,"href":"https:\/\/biomedicals.com.co\/index.php\/wp-json\/wp\/v2\/product_cat?post=3450"},{"taxonomy":"product_tag","embeddable":true,"href":"https:\/\/biomedicals.com.co\/index.php\/wp-json\/wp\/v2\/product_tag?post=3450"}],"curies":[{"name":"wp","href":"https:\/\/api.w.org\/{rel}","templated":true}]}}