{"id":3452,"date":"2023-08-14T15:09:26","date_gmt":"2023-08-14T20:09:26","guid":{"rendered":"https:\/\/biomedicals.com.co\/?post_type=product&#038;p=3452"},"modified":"2023-08-14T15:09:26","modified_gmt":"2023-08-14T20:09:26","slug":"plastilina-terapeutica","status":"publish","type":"product","link":"https:\/\/biomedicals.com.co\/index.php\/producto\/plastilina-terapeutica\/","title":{"rendered":"PLASTILINA TERAPEUTICA"},"content":{"rendered":"<p><span style=\"font-weight: 400;\">ESPECIFICACIONES T\u00c9CNICAS<\/span><\/p>\n<p><span style=\"font-weight: 400;\">Plastilina Terap\u00e9utica no t\u00f3xica, libre de l\u00e1tex, sin grasa, no deja residuo de color en las manos de los pacientes, no se fragmenta, no se separa o parte en la piel, ropa o muebles, 4 colores que indican la resistencia progresiva que va desde el amarillo (suave) hasta el color Azul (fuerte), la plastilina no contiene l\u00e1tex. Especialmente formulada para proveer consistencia en los ejercicios de mano (fortalecimiento y Sensibilidad).<\/span><\/p>\n<p><span style=\"font-weight: 400;\">Usos: plastilina terap\u00e9utica, un producto indicado para hacer terapia y mantener ejercitadas las manos y articulaciones.<\/span><\/p>\n<p><span style=\"font-weight: 400;\">Cada color posee una consistencia diferente de acuerdo al nivel de resistencia:<\/span><span style=\"font-weight: 400;\"><br \/>\n<\/span><span style=\"font-weight: 400;\">Piel: Extra suave<\/span><span style=\"font-weight: 400;\"><br \/>\n<\/span><span style=\"font-weight: 400;\">Amarillo: Suave.<\/span><span style=\"font-weight: 400;\"><br \/>\n<\/span><span style=\"font-weight: 400;\">Rojo: Media Suave<\/span><span style=\"font-weight: 400;\"><br \/>\n<\/span><span style=\"font-weight: 400;\">Verde: Medio firme<\/span><span style=\"font-weight: 400;\"><br \/>\n<\/span><span style=\"font-weight: 400;\">Azul: Extra firme<\/span><\/p>\n<ul>\n<li style=\"font-weight: 400;\" aria-level=\"1\"><span style=\"font-weight: 400;\">C\u00f3digo: EJ-P73U \u2013 AMARRILLA\u00a0 2 OZ<\/span><\/li>\n<li style=\"font-weight: 400;\" aria-level=\"1\"><span style=\"font-weight: 400;\">C\u00f3digo: EJ-P74U \u2013 AZ\u00daL 2 OZ<\/span><\/li>\n<li style=\"font-weight: 400;\" aria-level=\"1\"><span style=\"font-weight: 400;\">C\u00f3digo: EJ-P76U \u2013 ROJA\u00a0 2 OZ<\/span><\/li>\n<li style=\"font-weight: 400;\" aria-level=\"1\"><span style=\"font-weight: 400;\">C\u00f3digo: EJ-P75U \u2013 VERDE\u00a0 2 OZ<\/span><\/li>\n<li style=\"font-weight: 400;\" aria-level=\"1\"><span style=\"font-weight: 400;\">C\u00f3digo: EJ-P78U \u2013 AMARRILLA\u00a0 1 LB<\/span><\/li>\n<li style=\"font-weight: 400;\" aria-level=\"1\"><span style=\"font-weight: 400;\">C\u00f3digo: EJ-P79U \u2013 AZ\u00daL\u00a0 1 LB<\/span><\/li>\n<li style=\"font-weight: 400;\" aria-level=\"1\"><span style=\"font-weight: 400;\">C\u00f3digo: EJ-P81U \u2013 ROJA\u00a0 1 LB<\/span><\/li>\n<li style=\"font-weight: 400;\" aria-level=\"1\"><span style=\"font-weight: 400;\">C\u00f3digo: EJ-P80U \u2013 VERDE\u00a0 1 LB<\/span><\/li>\n<li style=\"font-weight: 400;\" aria-level=\"1\"><span style=\"font-weight: 400;\">C\u00f3digo: EJ-P72U \u2013 JUEGO X 4 \/2OZ<\/span><\/li>\n<\/ul>\n","protected":false},"excerpt":{"rendered":"<p><span style=\"font-weight: 400;\">Plastilina Terap\u00e9utica no t\u00f3xica, libre de l\u00e1tex, sin grasa<\/span><\/p>\n","protected":false},"featured_media":3453,"comment_status":"open","ping_status":"closed","template":"","meta":[],"product_cat":[93,90],"product_tag":[],"acf":[],"aioseo_notices":[],"_links":{"self":[{"href":"https:\/\/biomedicals.com.co\/index.php\/wp-json\/wp\/v2\/product\/3452"}],"collection":[{"href":"https:\/\/biomedicals.com.co\/index.php\/wp-json\/wp\/v2\/product"}],"about":[{"href":"https:\/\/biomedicals.com.co\/index.php\/wp-json\/wp\/v2\/types\/product"}],"replies":[{"embeddable":true,"href":"https:\/\/biomedicals.com.co\/index.php\/wp-json\/wp\/v2\/comments?post=3452"}],"wp:featuredmedia":[{"embeddable":true,"href":"https:\/\/biomedicals.com.co\/index.php\/wp-json\/wp\/v2\/media\/3453"}],"wp:attachment":[{"href":"https:\/\/biomedicals.com.co\/index.php\/wp-json\/wp\/v2\/media?parent=3452"}],"wp:term":[{"taxonomy":"product_cat","embeddable":true,"href":"https:\/\/biomedicals.com.co\/index.php\/wp-json\/wp\/v2\/product_cat?post=3452"},{"taxonomy":"product_tag","embeddable":true,"href":"https:\/\/biomedicals.com.co\/index.php\/wp-json\/wp\/v2\/product_tag?post=3452"}],"curies":[{"name":"wp","href":"https:\/\/api.w.org\/{rel}","templated":true}]}}