{"id":3455,"date":"2023-08-14T15:12:53","date_gmt":"2023-08-14T20:12:53","guid":{"rendered":"https:\/\/biomedicals.com.co\/?post_type=product&#038;p=3455"},"modified":"2023-08-14T15:12:53","modified_gmt":"2023-08-14T20:12:53","slug":"tens-ems-portatil-2c-digital","status":"publish","type":"product","link":"https:\/\/biomedicals.com.co\/index.php\/producto\/tens-ems-portatil-2c-digital\/","title":{"rendered":"TENS \u2013 EMS PORTATIL 2C DIGITAL"},"content":{"rendered":"<p><span style=\"font-weight: 400;\">El TENS \u2013 EMS PORTATIL 2C DIGITAL esta unidad ha demostrado su utilidad en el tratamiento del dolor para muchos pacientes. Podr\u00e1 disfrutar de los beneficios de una r\u00e1pida curaci\u00f3n de las lesiones y la capacidad de rehabilitar y fortalecer los m\u00fasculos a su conveniencia. Este dispositivo est\u00e1 dise\u00f1ado para conseguir dos funciones de la estimulaci\u00f3n el\u00e9ctrica en un solo paquete de tama\u00f1o port\u00e1til mediante la combinaci\u00f3n de la tecnolog\u00eda electr\u00f3nica de estimulaci\u00f3n, utilizada para aliviar el dolor y la estimulaci\u00f3n muscular.\u00a0 Con dos funciones de la estimulaci\u00f3n el\u00e9ctrica en un tama\u00f1o compacto. TENS \u2013 alivio del dolor sin Drogas EMS \u2013 sanaci\u00f3n Muscular<\/span><\/p>\n<h5><b>ESPECIFICACIONES T\u00c9CNICAS<\/b><\/h5>\n<ul>\n<li style=\"font-weight: 400;\" aria-level=\"1\"><span style=\"font-weight: 400;\">Fuente de alimentaci\u00f3n: una bater\u00eda de 9 V DC<\/span><\/li>\n<li style=\"font-weight: 400;\" aria-level=\"1\"><span style=\"font-weight: 400;\">Combina ambas puerta y liberaci\u00f3n de endorfinas teor\u00edas de manejo del dolor<\/span><\/li>\n<li style=\"font-weight: 400;\" aria-level=\"1\"><span style=\"font-weight: 400;\">Pantalla LCD muestra toda la funci\u00f3n elegida y que indica la condici\u00f3n<\/span><\/li>\n<li style=\"font-weight: 400;\" aria-level=\"1\"><span style=\"font-weight: 400;\">Pantalla LCD muestra la corriente de salida en mA<\/span><\/li>\n<li style=\"font-weight: 400;\" aria-level=\"1\"><span style=\"font-weight: 400;\">Cinco modalidades terap\u00e9uticas ajustables<\/span><\/li>\n<li style=\"font-weight: 400;\" aria-level=\"1\"><span style=\"font-weight: 400;\">Memoria del tiempo acumulado de 0 ~ 999 minutos de aplicaciones ejecutadas<\/span><\/li>\n<li style=\"font-weight: 400;\" aria-level=\"1\"><span style=\"font-weight: 400;\">El tiempo total de tratamiento<\/span><\/li>\n<li style=\"font-weight: 400;\" aria-level=\"1\"><span style=\"font-weight: 400;\">Indicador de bater\u00eda baja<\/span><\/li>\n<li style=\"font-weight: 400;\" aria-level=\"1\"><span style=\"font-weight: 400;\">Popular \/ tama\u00f1o compacto<\/span><\/li>\n<li style=\"font-weight: 400;\" aria-level=\"1\"><span style=\"font-weight: 400;\">Clip de cintur\u00f3n adjunto<\/span><\/li>\n<li style=\"font-weight: 400;\" aria-level=\"1\"><span style=\"font-weight: 400;\">F\u00e1cil de usar los controles<\/span><\/li>\n<\/ul>\n","protected":false},"excerpt":{"rendered":"<p><span style=\"font-weight: 400;\">El TENS \u2013 EMS PORTATIL 2C DIGITAL esta unidad ha demostrado su utilidad en el tratamiento del dolor para muchos pacientes<\/span><\/p>\n","protected":false},"featured_media":3456,"comment_status":"open","ping_status":"closed","template":"","meta":[],"product_cat":[94,90],"product_tag":[],"acf":[],"aioseo_notices":[],"_links":{"self":[{"href":"https:\/\/biomedicals.com.co\/index.php\/wp-json\/wp\/v2\/product\/3455"}],"collection":[{"href":"https:\/\/biomedicals.com.co\/index.php\/wp-json\/wp\/v2\/product"}],"about":[{"href":"https:\/\/biomedicals.com.co\/index.php\/wp-json\/wp\/v2\/types\/product"}],"replies":[{"embeddable":true,"href":"https:\/\/biomedicals.com.co\/index.php\/wp-json\/wp\/v2\/comments?post=3455"}],"wp:featuredmedia":[{"embeddable":true,"href":"https:\/\/biomedicals.com.co\/index.php\/wp-json\/wp\/v2\/media\/3456"}],"wp:attachment":[{"href":"https:\/\/biomedicals.com.co\/index.php\/wp-json\/wp\/v2\/media?parent=3455"}],"wp:term":[{"taxonomy":"product_cat","embeddable":true,"href":"https:\/\/biomedicals.com.co\/index.php\/wp-json\/wp\/v2\/product_cat?post=3455"},{"taxonomy":"product_tag","embeddable":true,"href":"https:\/\/biomedicals.com.co\/index.php\/wp-json\/wp\/v2\/product_tag?post=3455"}],"curies":[{"name":"wp","href":"https:\/\/api.w.org\/{rel}","templated":true}]}}