{"id":3457,"date":"2023-08-14T15:20:03","date_gmt":"2023-08-14T20:20:03","guid":{"rendered":"https:\/\/biomedicals.com.co\/?post_type=product&#038;p=3457"},"modified":"2023-08-14T15:20:03","modified_gmt":"2023-08-14T20:20:03","slug":"tens-analogo-3000","status":"publish","type":"product","link":"https:\/\/biomedicals.com.co\/index.php\/producto\/tens-analogo-3000\/","title":{"rendered":"TENS AN\u00c1LOGO 3000"},"content":{"rendered":"<pre><span style=\"font-weight: 400;\">El <\/span><span style=\"font-weight: 400;\">TENS<\/span><span style=\"font-weight: 400;\"> AN\u00c1LOGO 3000 es\u00a0 un dispositivo que alivia el dolor. Cuando los dolores ocurren, lo l\u00f3gico es descubrir su origen y atacarlo; durante este proceso las personas utilizan diversos procedimientos para aliviarse ya sea parcial o totalmente. Este Tens ha sido dise\u00f1ado pensando en los profesionales y pacientes que sufren dolores por diversas enfermedades, tales como: lumbago, lumboci\u00e1tica, cefaleas, reumatismo, artritis y artrosis de diferentes articulaciones, gota, dolores musculares, s\u00edndromes miofaciales etc., dolores post-quir\u00fargicos, dolores por c\u00e1ncer, Ca cervico, Ca de mamas, etc. Herpes-zoster, neuralgias post-herp\u00e9ticas, dolor premenstrual, dolor del miembro fantasma, etc.<\/span>\r\n\r\n<b>ESPECIFICACIONES T\u00c9CNICAS:<\/b>\r\n\r\n<\/pre>\n<ul>\n<li style=\"list-style-type: none;\">\n<ul>\n<li style=\"font-weight: 400;\" aria-level=\"1\">\n<pre><span style=\"font-weight: 400;\">3 modos de operaci\u00f3n: Explosi\u00f3n, Constante y Modulado<\/span><\/pre>\n<\/li>\n<li style=\"font-weight: 400;\" aria-level=\"1\">\n<pre><span style=\"font-weight: 400;\">Controles para el tiempo de Tratamiento y auto apagado<\/span><\/pre>\n<\/li>\n<li style=\"font-weight: 400;\" aria-level=\"1\">\n<pre><span style=\"font-weight: 400;\">Excelente potencia Doble canal para usar con 4 electrodos\r\n<\/span><\/pre>\n<\/li>\n<\/ul>\n<\/li>\n<\/ul>\n<pre><b>CARACTER\u00cdSTICAS:\r\n<\/b>\r\n<b><\/b><\/pre>\n<ul>\n<li aria-level=\"1\">\n<pre>Onda: Bif\u00e1sica \u2013 Asim\u00e9trica<\/pre>\n<\/li>\n<\/ul>\n<ul>\n<li aria-level=\"1\">\n<pre>Frecuencia: 2 a 150 Hz<\/pre>\n<\/li>\n<\/ul>\n<ul>\n<li aria-level=\"1\">\n<pre>Ancho de Pulso: 30 a 260 \u00b5S<\/pre>\n<\/li>\n<\/ul>\n<ul>\n<li aria-level=\"1\">\n<pre>Modos: Burts, Continuo, Modulado<\/pre>\n<\/li>\n<\/ul>\n<ul>\n<li aria-level=\"1\">\n<pre>Timer: de 15 y 30 minutos continuos<\/pre>\n<\/li>\n<\/ul>\n<ul>\n<li aria-level=\"1\">\n<pre>Canales : 2 \u2013 Electrodos 4 autoadhesivos de 40 x 40 mm.<\/pre>\n<\/li>\n<\/ul>\n<ul>\n<li aria-level=\"1\">\n<pre>Alimentaci\u00f3n : Bater\u00eda 9 V DC<\/pre>\n<\/li>\n<\/ul>\n<p>&nbsp;<\/p>\n","protected":false},"excerpt":{"rendered":"<p><span style=\"font-weight: 400;\">El <\/span><span style=\"font-weight: 400;\">TENS<\/span><span style=\"font-weight: 400;\"> AN\u00c1LOGO 3000 es\u00a0 un dispositivo que alivia el dolor<\/span><\/p>\n","protected":false},"featured_media":3458,"comment_status":"open","ping_status":"closed","template":"","meta":[],"product_cat":[94,90],"product_tag":[],"acf":[],"aioseo_notices":[],"_links":{"self":[{"href":"https:\/\/biomedicals.com.co\/index.php\/wp-json\/wp\/v2\/product\/3457"}],"collection":[{"href":"https:\/\/biomedicals.com.co\/index.php\/wp-json\/wp\/v2\/product"}],"about":[{"href":"https:\/\/biomedicals.com.co\/index.php\/wp-json\/wp\/v2\/types\/product"}],"replies":[{"embeddable":true,"href":"https:\/\/biomedicals.com.co\/index.php\/wp-json\/wp\/v2\/comments?post=3457"}],"wp:featuredmedia":[{"embeddable":true,"href":"https:\/\/biomedicals.com.co\/index.php\/wp-json\/wp\/v2\/media\/3458"}],"wp:attachment":[{"href":"https:\/\/biomedicals.com.co\/index.php\/wp-json\/wp\/v2\/media?parent=3457"}],"wp:term":[{"taxonomy":"product_cat","embeddable":true,"href":"https:\/\/biomedicals.com.co\/index.php\/wp-json\/wp\/v2\/product_cat?post=3457"},{"taxonomy":"product_tag","embeddable":true,"href":"https:\/\/biomedicals.com.co\/index.php\/wp-json\/wp\/v2\/product_tag?post=3457"}],"curies":[{"name":"wp","href":"https:\/\/api.w.org\/{rel}","templated":true}]}}