{"id":3467,"date":"2023-08-14T15:31:54","date_gmt":"2023-08-14T20:31:54","guid":{"rendered":"https:\/\/biomedicals.com.co\/?post_type=product&#038;p=3467"},"modified":"2023-08-14T15:31:54","modified_gmt":"2023-08-14T20:31:54","slug":"electroestimulador-y-ultrasonido-combocare","status":"publish","type":"product","link":"https:\/\/biomedicals.com.co\/index.php\/producto\/electroestimulador-y-ultrasonido-combocare\/","title":{"rendered":"ELECTROESTIMULADOR Y ULTRASONIDO COMBOCARE"},"content":{"rendered":"<p>Es un dispositivo de electroterapia profesional de dos canales que combina la terapia de ultrasonido cl\u00ednico con cinco formas de onda de tratamiento: IF 4 polos, IF 2 polos, RUSSA, EMS y forma de onda TENS.<\/p>\n<p>Cuenta con 10 programas preestablecidos.<\/p>\n<p>Un cabezal de sonido de 5cm &#8211; 2 de doble frecuencia<\/p>\n<p>Incluye:\u00a0 2 electrodos de goma 60 x 90 mm, 2 Electrodos de goma 70 x 110 mm , 2 esponjas del electrodo, 70 x 100 mm , 2 esponjas del electrodos 80 x 120 mm, 4 electrodos autoadhesivos 50 x 50 mm ,\u00a0 4 electrodos autoadhesivos, 50 x 100 mm , 1 Pa\u00f1o el\u00e1stico 75 x 200 mm , 1 Pa\u00f1o el\u00e1stico 75 x 600 mm, 2 Cables del electrodo , 1 Adaptador 100-240 V ~ 47-63 Hz , 1 Cable de potencia , 1 Cable de estimulaci\u00f3n el\u00e9ctrica , 1 Cable del electrodo para combinaci\u00f3n de ultrasonido , 1 Gel de transmisi\u00f3n<\/p>\n","protected":false},"excerpt":{"rendered":"<p>Electroestimulador y ultrasonido Combocare<\/p>\n","protected":false},"featured_media":3468,"comment_status":"open","ping_status":"closed","template":"","meta":[],"product_cat":[94,90],"product_tag":[],"acf":[],"aioseo_notices":[],"_links":{"self":[{"href":"https:\/\/biomedicals.com.co\/index.php\/wp-json\/wp\/v2\/product\/3467"}],"collection":[{"href":"https:\/\/biomedicals.com.co\/index.php\/wp-json\/wp\/v2\/product"}],"about":[{"href":"https:\/\/biomedicals.com.co\/index.php\/wp-json\/wp\/v2\/types\/product"}],"replies":[{"embeddable":true,"href":"https:\/\/biomedicals.com.co\/index.php\/wp-json\/wp\/v2\/comments?post=3467"}],"wp:featuredmedia":[{"embeddable":true,"href":"https:\/\/biomedicals.com.co\/index.php\/wp-json\/wp\/v2\/media\/3468"}],"wp:attachment":[{"href":"https:\/\/biomedicals.com.co\/index.php\/wp-json\/wp\/v2\/media?parent=3467"}],"wp:term":[{"taxonomy":"product_cat","embeddable":true,"href":"https:\/\/biomedicals.com.co\/index.php\/wp-json\/wp\/v2\/product_cat?post=3467"},{"taxonomy":"product_tag","embeddable":true,"href":"https:\/\/biomedicals.com.co\/index.php\/wp-json\/wp\/v2\/product_tag?post=3467"}],"curies":[{"name":"wp","href":"https:\/\/api.w.org\/{rel}","templated":true}]}}