{"id":3492,"date":"2023-08-14T16:23:18","date_gmt":"2023-08-14T21:23:18","guid":{"rendered":"https:\/\/biomedicals.com.co\/?post_type=product&#038;p=3492"},"modified":"2023-08-14T16:23:18","modified_gmt":"2023-08-14T21:23:18","slug":"electrodo-carbonado-rectangular","status":"publish","type":"product","link":"https:\/\/biomedicals.com.co\/index.php\/producto\/electrodo-carbonado-rectangular\/","title":{"rendered":"ELECTRODO CARBONADO RECTANGULAR"},"content":{"rendered":"<p>Electrodos carbonados de caucho (de goma)<\/p>\n<p>El ELECTRODO CARBONADO RECTANGULAR son un perfecto medio de conducci\u00f3n de la corriente el\u00e9ctrica, gracias a su pel\u00edcula carbonada en la cara que entra en contacto con la piel del paciente.<\/p>\n<p>Carbonado \u2013 Siliconado<\/p>\n<p>Reutilizable<\/p>\n<p>Vida \u00datil: 6 meses o 500 horas en su buen uso<\/p>\n<p>Limpieza: Lavar o limpiar con solo agua y pa\u00f1o h\u00famedo<\/p>\n<p>Desinfectar: despu\u00e9s de cada uso, limpiar con pa\u00f1o h\u00famedo (deben ser colocados en piel sana)<\/p>\n<p>Evitar colocar cara con cara entre si los electrodos, para evitar p\u00e9rdida de liberaci\u00f3n de carbono de los electrodos.<\/p>\n<p>Nota: Otra forma pr\u00e1ctica es usar cortes de pa\u00f1o absorbente (para uso domestico) del tama\u00f1o del electrodo y colocarlo h\u00famedo entre el electrodo y la piel del paciente. Es una forma pr\u00e1ctica por que no requiere usar gel como medio conductor de corriente evitando, la posterior limpieza del electrodo y la piel del paciente del gel aplicado.<\/p>\n<p>TAMA\u00d1OS:<\/p>\n<p>8cm x 5cm.<\/p>\n<p>12cm x 8cm<\/p>\n<p>&nbsp;<\/p>\n","protected":false},"excerpt":{"rendered":"<p>Electrodos carbonados de caucho (de goma)<\/p>\n","protected":false},"featured_media":3493,"comment_status":"open","ping_status":"closed","template":"","meta":[],"product_cat":[96,90],"product_tag":[],"acf":[],"aioseo_notices":[],"_links":{"self":[{"href":"https:\/\/biomedicals.com.co\/index.php\/wp-json\/wp\/v2\/product\/3492"}],"collection":[{"href":"https:\/\/biomedicals.com.co\/index.php\/wp-json\/wp\/v2\/product"}],"about":[{"href":"https:\/\/biomedicals.com.co\/index.php\/wp-json\/wp\/v2\/types\/product"}],"replies":[{"embeddable":true,"href":"https:\/\/biomedicals.com.co\/index.php\/wp-json\/wp\/v2\/comments?post=3492"}],"wp:featuredmedia":[{"embeddable":true,"href":"https:\/\/biomedicals.com.co\/index.php\/wp-json\/wp\/v2\/media\/3493"}],"wp:attachment":[{"href":"https:\/\/biomedicals.com.co\/index.php\/wp-json\/wp\/v2\/media?parent=3492"}],"wp:term":[{"taxonomy":"product_cat","embeddable":true,"href":"https:\/\/biomedicals.com.co\/index.php\/wp-json\/wp\/v2\/product_cat?post=3492"},{"taxonomy":"product_tag","embeddable":true,"href":"https:\/\/biomedicals.com.co\/index.php\/wp-json\/wp\/v2\/product_tag?post=3492"}],"curies":[{"name":"wp","href":"https:\/\/api.w.org\/{rel}","templated":true}]}}