{"id":3502,"date":"2023-08-14T16:52:16","date_gmt":"2023-08-14T21:52:16","guid":{"rendered":"https:\/\/biomedicals.com.co\/?post_type=product&#038;p=3502"},"modified":"2023-08-14T16:52:45","modified_gmt":"2023-08-14T21:52:45","slug":"concentrador-de-oxigeno-portatil","status":"publish","type":"product","link":"https:\/\/biomedicals.com.co\/index.php\/producto\/concentrador-de-oxigeno-portatil\/","title":{"rendered":"Concentrador de Ox\u00edgeno Port\u00e1til"},"content":{"rendered":"<p>Dise\u00f1ado para que los pacientes con trastornos respiratorios, como la Enfermedad Pulmonar Obstructiva (EPOC), incrementen su movilidad y disfruten de la independencia dentro y fuera del hogar. (peso 3,5 kgs), Bater\u00eda de 14.4 v, Incluye: malet\u00edn para accesorios, maleta de transporte, cargador para carro, cargador para casa. El fabricante de este Concentrador de Ox\u00edgeno Port\u00e1til ha determinado que este dispositivo cumple con todos los criterios de aceptaci\u00f3n de la Federaci\u00f3n Americana aplicables para el transporte y uso del Concentrador de Ox\u00edgeno Port\u00e1til a bordo de aeronaves<\/p>\n","protected":false},"excerpt":{"rendered":"<p>Dise\u00f1ado para que los pacientes con trastornos respiratorios, como la Enfermedad Pulmonar Obstructiva (EPOC)<\/p>\n","protected":false},"featured_media":3503,"comment_status":"open","ping_status":"closed","template":"","meta":[],"product_cat":[98,97],"product_tag":[],"acf":[],"aioseo_notices":[],"_links":{"self":[{"href":"https:\/\/biomedicals.com.co\/index.php\/wp-json\/wp\/v2\/product\/3502"}],"collection":[{"href":"https:\/\/biomedicals.com.co\/index.php\/wp-json\/wp\/v2\/product"}],"about":[{"href":"https:\/\/biomedicals.com.co\/index.php\/wp-json\/wp\/v2\/types\/product"}],"replies":[{"embeddable":true,"href":"https:\/\/biomedicals.com.co\/index.php\/wp-json\/wp\/v2\/comments?post=3502"}],"wp:featuredmedia":[{"embeddable":true,"href":"https:\/\/biomedicals.com.co\/index.php\/wp-json\/wp\/v2\/media\/3503"}],"wp:attachment":[{"href":"https:\/\/biomedicals.com.co\/index.php\/wp-json\/wp\/v2\/media?parent=3502"}],"wp:term":[{"taxonomy":"product_cat","embeddable":true,"href":"https:\/\/biomedicals.com.co\/index.php\/wp-json\/wp\/v2\/product_cat?post=3502"},{"taxonomy":"product_tag","embeddable":true,"href":"https:\/\/biomedicals.com.co\/index.php\/wp-json\/wp\/v2\/product_tag?post=3502"}],"curies":[{"name":"wp","href":"https:\/\/api.w.org\/{rel}","templated":true}]}}