{"id":3507,"date":"2023-08-14T17:13:43","date_gmt":"2023-08-14T22:13:43","guid":{"rendered":"https:\/\/biomedicals.com.co\/?post_type=product&#038;p=3507"},"modified":"2023-08-14T17:13:43","modified_gmt":"2023-08-14T22:13:43","slug":"compresor-nebulizador","status":"publish","type":"product","link":"https:\/\/biomedicals.com.co\/index.php\/producto\/compresor-nebulizador\/","title":{"rendered":"Compresor Nebulizador"},"content":{"rendered":"<p>Uso profesional de alto rendimiento. Portable con asa. Compresor de alto flujo de nebulizaci\u00f3n. Presi\u00f3n m\u00e1xima \u2265 0.15 MPA. Flujo m\u00e1ximo de compresi\u00f3n \u2265 10 L\/MIN. Rata de nebulizaci\u00f3n 0.2 ML\/MIN. Porcentaje part\u00edcula nebulizada &lt; 5 \u00b5m &gt; 65%. Sistema de trabajo intermitente o continuo 24 h. Nivel ac\u00fastico &lt; 55 DB. Peso aproximado 2.1 kg. Medidas 19.8 x 19.5 x 10.5 CMS. Alimentaci\u00f3n 110 \/ 120 v. &#8211; 50\/60 HZ. Accesorios: 1 kit de micronebulizaci\u00f3n, 1 adaptador de corriente, 2 filtros de aire, 1 manual de usuario.<\/p>\n","protected":false},"excerpt":{"rendered":"<p>Uso profesional de alto rendimiento. Portable con asa. Compresor de alto flujo de nebulizaci\u00f3n<\/p>\n","protected":false},"featured_media":3508,"comment_status":"open","ping_status":"closed","template":"","meta":[],"product_cat":[99,97],"product_tag":[],"acf":[],"aioseo_notices":[],"_links":{"self":[{"href":"https:\/\/biomedicals.com.co\/index.php\/wp-json\/wp\/v2\/product\/3507"}],"collection":[{"href":"https:\/\/biomedicals.com.co\/index.php\/wp-json\/wp\/v2\/product"}],"about":[{"href":"https:\/\/biomedicals.com.co\/index.php\/wp-json\/wp\/v2\/types\/product"}],"replies":[{"embeddable":true,"href":"https:\/\/biomedicals.com.co\/index.php\/wp-json\/wp\/v2\/comments?post=3507"}],"wp:featuredmedia":[{"embeddable":true,"href":"https:\/\/biomedicals.com.co\/index.php\/wp-json\/wp\/v2\/media\/3508"}],"wp:attachment":[{"href":"https:\/\/biomedicals.com.co\/index.php\/wp-json\/wp\/v2\/media?parent=3507"}],"wp:term":[{"taxonomy":"product_cat","embeddable":true,"href":"https:\/\/biomedicals.com.co\/index.php\/wp-json\/wp\/v2\/product_cat?post=3507"},{"taxonomy":"product_tag","embeddable":true,"href":"https:\/\/biomedicals.com.co\/index.php\/wp-json\/wp\/v2\/product_tag?post=3507"}],"curies":[{"name":"wp","href":"https:\/\/api.w.org\/{rel}","templated":true}]}}