{"id":3548,"date":"2023-08-14T17:42:39","date_gmt":"2023-08-14T22:42:39","guid":{"rendered":"https:\/\/biomedicals.com.co\/?post_type=product&#038;p=3548"},"modified":"2023-08-14T17:42:39","modified_gmt":"2023-08-14T22:42:39","slug":"mascara-oro-nasal-para-apnea-de-sueno-cpap","status":"publish","type":"product","link":"https:\/\/biomedicals.com.co\/index.php\/producto\/mascara-oro-nasal-para-apnea-de-sueno-cpap\/","title":{"rendered":"M\u00e1scara Oro-Nasal para Apnea de Sue\u00f1o &#8211; CPAP"},"content":{"rendered":"<p>M\u00e1scara ventilada con v\u00e1lvula anti-asfixia, rango de presi\u00f3n 4 &#8211; 30 cm\/H2O, codo giratorio 360\u00b0 de 22 mm, transparente con soporte frontal, arn\u00e9s de poliester &#8211; algod\u00f3n con velcro, reborde en silicona suave, herm\u00e9tico y ligero, el dise\u00f1o reduce presi\u00f3n facial y mejora el ajuste, talla S, M, L<\/p>\n","protected":false},"excerpt":{"rendered":"<p>M\u00e1scara ventilada con v\u00e1lvula anti-asfixia<\/p>\n","protected":false},"featured_media":3549,"comment_status":"open","ping_status":"closed","template":"","meta":[],"product_cat":[100,97],"product_tag":[],"acf":[],"aioseo_notices":[],"_links":{"self":[{"href":"https:\/\/biomedicals.com.co\/index.php\/wp-json\/wp\/v2\/product\/3548"}],"collection":[{"href":"https:\/\/biomedicals.com.co\/index.php\/wp-json\/wp\/v2\/product"}],"about":[{"href":"https:\/\/biomedicals.com.co\/index.php\/wp-json\/wp\/v2\/types\/product"}],"replies":[{"embeddable":true,"href":"https:\/\/biomedicals.com.co\/index.php\/wp-json\/wp\/v2\/comments?post=3548"}],"wp:featuredmedia":[{"embeddable":true,"href":"https:\/\/biomedicals.com.co\/index.php\/wp-json\/wp\/v2\/media\/3549"}],"wp:attachment":[{"href":"https:\/\/biomedicals.com.co\/index.php\/wp-json\/wp\/v2\/media?parent=3548"}],"wp:term":[{"taxonomy":"product_cat","embeddable":true,"href":"https:\/\/biomedicals.com.co\/index.php\/wp-json\/wp\/v2\/product_cat?post=3548"},{"taxonomy":"product_tag","embeddable":true,"href":"https:\/\/biomedicals.com.co\/index.php\/wp-json\/wp\/v2\/product_tag?post=3548"}],"curies":[{"name":"wp","href":"https:\/\/api.w.org\/{rel}","templated":true}]}}