{"id":3561,"date":"2023-08-14T18:10:55","date_gmt":"2023-08-14T23:10:55","guid":{"rendered":"https:\/\/biomedicals.com.co\/?post_type=product&#038;p=3561"},"modified":"2023-08-14T18:10:55","modified_gmt":"2023-08-14T23:10:55","slug":"flujometro-doble-de-pared-para-oxigeno","status":"publish","type":"product","link":"https:\/\/biomedicals.com.co\/index.php\/producto\/flujometro-doble-de-pared-para-oxigeno\/","title":{"rendered":"Fluj\u00f3metro Doble de Pared para Ox\u00edgeno"},"content":{"rendered":"<p>Fluj\u00f3metro doble de pared para ox\u00edgeno, uso adulto, base cromada y liviana, tubo transparente de policarbonato, perillas para ajuste de flujo, salidas tipo DISS para humidificador, Ye tipo bloque en aluminio, con opci\u00f3n de acople.<\/p>\n","protected":false},"excerpt":{"rendered":"<p>Fluj\u00f3metro doble de pared para ox\u00edgeno, uso adulto, base cromada y liviana, tubo transparente de policarbonato, perillas para ajuste de flujo, salidas tipo DISS para humidificador, Ye tipo bloque en aluminio, con opci\u00f3n de acople.<\/p>\n","protected":false},"featured_media":3564,"comment_status":"open","ping_status":"closed","template":"","meta":[],"product_cat":[101,97],"product_tag":[],"acf":[],"aioseo_notices":[],"_links":{"self":[{"href":"https:\/\/biomedicals.com.co\/index.php\/wp-json\/wp\/v2\/product\/3561"}],"collection":[{"href":"https:\/\/biomedicals.com.co\/index.php\/wp-json\/wp\/v2\/product"}],"about":[{"href":"https:\/\/biomedicals.com.co\/index.php\/wp-json\/wp\/v2\/types\/product"}],"replies":[{"embeddable":true,"href":"https:\/\/biomedicals.com.co\/index.php\/wp-json\/wp\/v2\/comments?post=3561"}],"wp:featuredmedia":[{"embeddable":true,"href":"https:\/\/biomedicals.com.co\/index.php\/wp-json\/wp\/v2\/media\/3564"}],"wp:attachment":[{"href":"https:\/\/biomedicals.com.co\/index.php\/wp-json\/wp\/v2\/media?parent=3561"}],"wp:term":[{"taxonomy":"product_cat","embeddable":true,"href":"https:\/\/biomedicals.com.co\/index.php\/wp-json\/wp\/v2\/product_cat?post=3561"},{"taxonomy":"product_tag","embeddable":true,"href":"https:\/\/biomedicals.com.co\/index.php\/wp-json\/wp\/v2\/product_tag?post=3561"}],"curies":[{"name":"wp","href":"https:\/\/api.w.org\/{rel}","templated":true}]}}