{"id":3565,"date":"2023-08-15T11:10:03","date_gmt":"2023-08-15T16:10:03","guid":{"rendered":"https:\/\/biomedicals.com.co\/?post_type=product&#038;p=3565"},"modified":"2023-08-15T11:10:04","modified_gmt":"2023-08-15T16:10:04","slug":"regulador-para-oxigeno-conexion-cga-540","status":"publish","type":"product","link":"https:\/\/biomedicals.com.co\/index.php\/producto\/regulador-para-oxigeno-conexion-cga-540\/","title":{"rendered":"Regulador para Ox\u00edgeno Conexi\u00f3n CGA-540"},"content":{"rendered":"<p><span style=\"font-weight: 400;\">Regulador para ox\u00edgeno conexi\u00f3n CGA-540, uso adulto pedi\u00e1trico, tipo dial, sistema de dial para flujo 0 &#8211; 15 LPM, regulador de presi\u00f3n de 0 &#8211; 3000 PSI, fabricado en aluminio acero.<\/span><\/p>\n","protected":false},"excerpt":{"rendered":"<p>Regulador para ox\u00edgeno conexi\u00f3n CGA-540, uso adulto pedi\u00e1trico, tipo dial, sistema de dial para flujo 0 &#8211; 15 LPM, regulador de presi\u00f3n de 0 &#8211; 3000 PSI, fabricado en aluminio acero.<\/p>\n","protected":false},"featured_media":0,"comment_status":"open","ping_status":"closed","template":"","meta":[],"product_cat":[102,97],"product_tag":[],"acf":[],"aioseo_notices":[],"_links":{"self":[{"href":"https:\/\/biomedicals.com.co\/index.php\/wp-json\/wp\/v2\/product\/3565"}],"collection":[{"href":"https:\/\/biomedicals.com.co\/index.php\/wp-json\/wp\/v2\/product"}],"about":[{"href":"https:\/\/biomedicals.com.co\/index.php\/wp-json\/wp\/v2\/types\/product"}],"replies":[{"embeddable":true,"href":"https:\/\/biomedicals.com.co\/index.php\/wp-json\/wp\/v2\/comments?post=3565"}],"wp:attachment":[{"href":"https:\/\/biomedicals.com.co\/index.php\/wp-json\/wp\/v2\/media?parent=3565"}],"wp:term":[{"taxonomy":"product_cat","embeddable":true,"href":"https:\/\/biomedicals.com.co\/index.php\/wp-json\/wp\/v2\/product_cat?post=3565"},{"taxonomy":"product_tag","embeddable":true,"href":"https:\/\/biomedicals.com.co\/index.php\/wp-json\/wp\/v2\/product_tag?post=3565"}],"curies":[{"name":"wp","href":"https:\/\/api.w.org\/{rel}","templated":true}]}}