{"id":3569,"date":"2023-08-15T11:17:49","date_gmt":"2023-08-15T16:17:49","guid":{"rendered":"https:\/\/biomedicals.com.co\/?post_type=product&#038;p=3569"},"modified":"2023-08-15T11:17:49","modified_gmt":"2023-08-15T16:17:49","slug":"conector-plastico-para-extension-de-oxigeno","status":"publish","type":"product","link":"https:\/\/biomedicals.com.co\/index.php\/producto\/conector-plastico-para-extension-de-oxigeno\/","title":{"rendered":"Conector Pl\u00e1stico para Extensi\u00f3n de Ox\u00edgeno"},"content":{"rendered":"<p>Conector pl\u00e1stico para extensi\u00f3n de ox\u00edgeno, di\u00e1metro de 5 mm.<\/p>\n","protected":false},"excerpt":{"rendered":"<p>Conector pl\u00e1stico para extensi\u00f3n de ox\u00edgeno, di\u00e1metro de 5 mm.<\/p>\n","protected":false},"featured_media":3570,"comment_status":"open","ping_status":"closed","template":"","meta":[],"product_cat":[103,97],"product_tag":[],"acf":[],"aioseo_notices":[],"_links":{"self":[{"href":"https:\/\/biomedicals.com.co\/index.php\/wp-json\/wp\/v2\/product\/3569"}],"collection":[{"href":"https:\/\/biomedicals.com.co\/index.php\/wp-json\/wp\/v2\/product"}],"about":[{"href":"https:\/\/biomedicals.com.co\/index.php\/wp-json\/wp\/v2\/types\/product"}],"replies":[{"embeddable":true,"href":"https:\/\/biomedicals.com.co\/index.php\/wp-json\/wp\/v2\/comments?post=3569"}],"wp:featuredmedia":[{"embeddable":true,"href":"https:\/\/biomedicals.com.co\/index.php\/wp-json\/wp\/v2\/media\/3570"}],"wp:attachment":[{"href":"https:\/\/biomedicals.com.co\/index.php\/wp-json\/wp\/v2\/media?parent=3569"}],"wp:term":[{"taxonomy":"product_cat","embeddable":true,"href":"https:\/\/biomedicals.com.co\/index.php\/wp-json\/wp\/v2\/product_cat?post=3569"},{"taxonomy":"product_tag","embeddable":true,"href":"https:\/\/biomedicals.com.co\/index.php\/wp-json\/wp\/v2\/product_tag?post=3569"}],"curies":[{"name":"wp","href":"https:\/\/api.w.org\/{rel}","templated":true}]}}