{"id":3576,"date":"2023-08-15T11:39:05","date_gmt":"2023-08-15T16:39:05","guid":{"rendered":"https:\/\/biomedicals.com.co\/?post_type=product&#038;p=3576"},"modified":"2023-08-15T11:39:06","modified_gmt":"2023-08-15T16:39:06","slug":"tabla-para-inmovilizacion-cervical-espinal","status":"publish","type":"product","link":"https:\/\/biomedicals.com.co\/index.php\/producto\/tabla-para-inmovilizacion-cervical-espinal\/","title":{"rendered":"Tabla para Inmovilizaci\u00f3n Cervical &#8211; Espinal"},"content":{"rendered":"<p><span style=\"font-weight: 400;\">Uso adulto, fabricada en polipropileno de alta densidad, translucida para m\u00ednima interferencia en toma de placa RX, MRI, TC y procedimientos en esc\u00e1ner. Ideal para inmovilizaci\u00f3n de pacientes con sospecha de trauma cervical o espinal, peso aproximado 7.5 kg., fabricada en una sola pieza, material impermeable lo que permite una asepsia total de la tabla, no acumula bacterias, capacidad de carga 225 Kgs, viene con correas de sujeci\u00f3n de paciente.<\/span><\/p>\n","protected":false},"excerpt":{"rendered":"<p><span style=\"font-weight: 400;\">Uso adulto, fabricada en polipropileno de alta densidad<\/span><\/p>\n","protected":false},"featured_media":3577,"comment_status":"open","ping_status":"closed","template":"","meta":[],"product_cat":[104,106],"product_tag":[],"acf":[],"aioseo_notices":[],"_links":{"self":[{"href":"https:\/\/biomedicals.com.co\/index.php\/wp-json\/wp\/v2\/product\/3576"}],"collection":[{"href":"https:\/\/biomedicals.com.co\/index.php\/wp-json\/wp\/v2\/product"}],"about":[{"href":"https:\/\/biomedicals.com.co\/index.php\/wp-json\/wp\/v2\/types\/product"}],"replies":[{"embeddable":true,"href":"https:\/\/biomedicals.com.co\/index.php\/wp-json\/wp\/v2\/comments?post=3576"}],"wp:featuredmedia":[{"embeddable":true,"href":"https:\/\/biomedicals.com.co\/index.php\/wp-json\/wp\/v2\/media\/3577"}],"wp:attachment":[{"href":"https:\/\/biomedicals.com.co\/index.php\/wp-json\/wp\/v2\/media?parent=3576"}],"wp:term":[{"taxonomy":"product_cat","embeddable":true,"href":"https:\/\/biomedicals.com.co\/index.php\/wp-json\/wp\/v2\/product_cat?post=3576"},{"taxonomy":"product_tag","embeddable":true,"href":"https:\/\/biomedicals.com.co\/index.php\/wp-json\/wp\/v2\/product_tag?post=3576"}],"curies":[{"name":"wp","href":"https:\/\/api.w.org\/{rel}","templated":true}]}}