{"id":3588,"date":"2023-08-15T11:52:53","date_gmt":"2023-08-15T16:52:53","guid":{"rendered":"https:\/\/biomedicals.com.co\/?post_type=product&#038;p=3588"},"modified":"2023-08-15T11:52:53","modified_gmt":"2023-08-15T16:52:53","slug":"torniquete-manual-para-hemorragias","status":"publish","type":"product","link":"https:\/\/biomedicals.com.co\/index.php\/producto\/torniquete-manual-para-hemorragias\/","title":{"rendered":"Torniquete Manual para Hemorragias"},"content":{"rendered":"<p><span style=\"font-weight: 400;\">Ideal para control de hemorragia severa, fabricado en nylon &#8211; polipropileno, sistema de cierre con velcro, medidas: 89 X 4 cms. (aprox.), herraje y hebillas pl\u00e1sticas, palanca de torsi\u00f3n pl\u00e1stica, seguro de torsi\u00f3n pl\u00e1stico con cinta de velcro, color negro.<\/span><\/p>\n","protected":false},"excerpt":{"rendered":"<p><span style=\"font-weight: 400;\">Ideal para control de hemorragia severa, fabricado en nylon &#8211; polipropileno<\/span><\/p>\n","protected":false},"featured_media":3589,"comment_status":"open","ping_status":"closed","template":"","meta":[],"product_cat":[104,108],"product_tag":[],"acf":[],"aioseo_notices":[],"_links":{"self":[{"href":"https:\/\/biomedicals.com.co\/index.php\/wp-json\/wp\/v2\/product\/3588"}],"collection":[{"href":"https:\/\/biomedicals.com.co\/index.php\/wp-json\/wp\/v2\/product"}],"about":[{"href":"https:\/\/biomedicals.com.co\/index.php\/wp-json\/wp\/v2\/types\/product"}],"replies":[{"embeddable":true,"href":"https:\/\/biomedicals.com.co\/index.php\/wp-json\/wp\/v2\/comments?post=3588"}],"wp:featuredmedia":[{"embeddable":true,"href":"https:\/\/biomedicals.com.co\/index.php\/wp-json\/wp\/v2\/media\/3589"}],"wp:attachment":[{"href":"https:\/\/biomedicals.com.co\/index.php\/wp-json\/wp\/v2\/media?parent=3588"}],"wp:term":[{"taxonomy":"product_cat","embeddable":true,"href":"https:\/\/biomedicals.com.co\/index.php\/wp-json\/wp\/v2\/product_cat?post=3588"},{"taxonomy":"product_tag","embeddable":true,"href":"https:\/\/biomedicals.com.co\/index.php\/wp-json\/wp\/v2\/product_tag?post=3588"}],"curies":[{"name":"wp","href":"https:\/\/api.w.org\/{rel}","templated":true}]}}