{"id":3604,"date":"2023-08-16T10:20:50","date_gmt":"2023-08-16T15:20:50","guid":{"rendered":"https:\/\/biomedicals.com.co\/?post_type=product&#038;p=3604"},"modified":"2023-09-27T15:04:28","modified_gmt":"2023-09-27T20:04:28","slug":"brazalete-tensiometro-digital","status":"publish","type":"product","link":"https:\/\/biomedicals.com.co\/index.php\/producto\/brazalete-tensiometro-digital\/","title":{"rendered":"BRAZALETE TENSIOMETRO DIGITAL"},"content":{"rendered":"<p>Brazalete para tensi\u00f3metros digitales\u00a0 para contornos de brazo de 22 a 35 cm, compatible con los tensi\u00f3metros digitales.<\/p>\n","protected":false},"excerpt":{"rendered":"<p>Equipo auxiliar de diagn\u00f3stico, empleado para la medici\u00f3n no invasiva de la presi\u00f3n arterial.<\/p>\n<p><em>DE UNA VIA. <\/em><\/p>\n","protected":false},"featured_media":3605,"comment_status":"open","ping_status":"closed","template":"","meta":[],"product_cat":[111,110],"product_tag":[],"acf":[],"aioseo_notices":[],"_links":{"self":[{"href":"https:\/\/biomedicals.com.co\/index.php\/wp-json\/wp\/v2\/product\/3604"}],"collection":[{"href":"https:\/\/biomedicals.com.co\/index.php\/wp-json\/wp\/v2\/product"}],"about":[{"href":"https:\/\/biomedicals.com.co\/index.php\/wp-json\/wp\/v2\/types\/product"}],"replies":[{"embeddable":true,"href":"https:\/\/biomedicals.com.co\/index.php\/wp-json\/wp\/v2\/comments?post=3604"}],"wp:featuredmedia":[{"embeddable":true,"href":"https:\/\/biomedicals.com.co\/index.php\/wp-json\/wp\/v2\/media\/3605"}],"wp:attachment":[{"href":"https:\/\/biomedicals.com.co\/index.php\/wp-json\/wp\/v2\/media?parent=3604"}],"wp:term":[{"taxonomy":"product_cat","embeddable":true,"href":"https:\/\/biomedicals.com.co\/index.php\/wp-json\/wp\/v2\/product_cat?post=3604"},{"taxonomy":"product_tag","embeddable":true,"href":"https:\/\/biomedicals.com.co\/index.php\/wp-json\/wp\/v2\/product_tag?post=3604"}],"curies":[{"name":"wp","href":"https:\/\/api.w.org\/{rel}","templated":true}]}}