{"id":3609,"date":"2023-08-16T14:03:56","date_gmt":"2023-08-16T19:03:56","guid":{"rendered":"https:\/\/biomedicals.com.co\/?post_type=product&#038;p=3609"},"modified":"2023-09-27T14:52:31","modified_gmt":"2023-09-27T19:52:31","slug":"brazalete-adulto","status":"publish","type":"product","link":"https:\/\/biomedicals.com.co\/index.php\/producto\/brazalete-adulto\/","title":{"rendered":"BRAZALETE TIPO ADULTO"},"content":{"rendered":"<p>Equipo auxiliar de diagn\u00f3stico, empleado para la medici\u00f3n no invasiva de la presi\u00f3n arterial.<\/p>\n<p><strong>CARACTERISTICAS:<\/strong><\/p>\n<ul>\n<li>Dimensiones: 25.4 A 40.6 cm.<\/li>\n<li>Compatibilidad gen\u00e9rica.<\/li>\n<li>Cierre del brazalete tipo velcro.<\/li>\n<li>Temperatura de almacenamiento: -10 a 35\u00baC<\/li>\n<li>Componentes: Brazalete de nylon \u2013 Manguera l\u00e1tex natural.<\/li>\n<\/ul>\n","protected":false},"excerpt":{"rendered":"<p>Equipo auxiliar de diagn\u00f3stico, empleado para la medici\u00f3n no invasiva de la presi\u00f3n arterial.<\/p>\n<p><em>PUEDE SER DE UNA VIA O DOS VIAS.\u00a0<\/em><\/p>\n","protected":false},"featured_media":3611,"comment_status":"open","ping_status":"closed","template":"","meta":[],"product_cat":[111,110],"product_tag":[],"acf":[],"aioseo_notices":[],"_links":{"self":[{"href":"https:\/\/biomedicals.com.co\/index.php\/wp-json\/wp\/v2\/product\/3609"}],"collection":[{"href":"https:\/\/biomedicals.com.co\/index.php\/wp-json\/wp\/v2\/product"}],"about":[{"href":"https:\/\/biomedicals.com.co\/index.php\/wp-json\/wp\/v2\/types\/product"}],"replies":[{"embeddable":true,"href":"https:\/\/biomedicals.com.co\/index.php\/wp-json\/wp\/v2\/comments?post=3609"}],"wp:featuredmedia":[{"embeddable":true,"href":"https:\/\/biomedicals.com.co\/index.php\/wp-json\/wp\/v2\/media\/3611"}],"wp:attachment":[{"href":"https:\/\/biomedicals.com.co\/index.php\/wp-json\/wp\/v2\/media?parent=3609"}],"wp:term":[{"taxonomy":"product_cat","embeddable":true,"href":"https:\/\/biomedicals.com.co\/index.php\/wp-json\/wp\/v2\/product_cat?post=3609"},{"taxonomy":"product_tag","embeddable":true,"href":"https:\/\/biomedicals.com.co\/index.php\/wp-json\/wp\/v2\/product_tag?post=3609"}],"curies":[{"name":"wp","href":"https:\/\/api.w.org\/{rel}","templated":true}]}}