{"id":3613,"date":"2023-08-16T14:13:28","date_gmt":"2023-08-16T19:13:28","guid":{"rendered":"https:\/\/biomedicals.com.co\/?post_type=product&#038;p=3613"},"modified":"2023-09-27T14:45:50","modified_gmt":"2023-09-27T19:45:50","slug":"brazalete-tipo-pediatrico","status":"publish","type":"product","link":"https:\/\/biomedicals.com.co\/index.php\/producto\/brazalete-tipo-pediatrico\/","title":{"rendered":"BRAZALETE TIPO PEDI\u00c1TRICO"},"content":{"rendered":"<p>Brazalete para tensi\u00f3metro infante una o dos v\u00edas libre de l\u00e1tex, usado para tomar la tensi\u00f3n , el cual est\u00e1 dise\u00f1ado para mantener el aire ejercido por la pera al momento de tomar la presi\u00f3n arterial.<\/p>\n<p><strong>CARACTER\u00cdSTICAS:<\/strong><\/p>\n<ul>\n<li>Equipo auxiliar de diagn\u00f3stico, empleado para la medici\u00f3n no invasiva de la presi\u00f3n arterial.<\/li>\n<li>Dimensiones: 18.4 A 26.7 cm<\/li>\n<li>Compatibilidad gen\u00e9rica.<\/li>\n<li>Cierre del brazalete tipo velcro.<\/li>\n<li>Temperatura de almacenamiento: -10 a 35\u00baC<\/li>\n<li>Componentes: Brazalete de nylon \u2013 Manguera l\u00e1tex natural.<\/li>\n<\/ul>\n","protected":false},"excerpt":{"rendered":"<p>Equipo auxiliar de diagn\u00f3stico, empleado para la medici\u00f3n no invasiva de la presi\u00f3n arterial.<\/p>\n<p><em>PUEDE SER DE UNA VIA O DOS VIAS.\u00a0<\/em><\/p>\n","protected":false},"featured_media":3614,"comment_status":"open","ping_status":"closed","template":"","meta":[],"product_cat":[111,110],"product_tag":[],"acf":[],"aioseo_notices":[],"_links":{"self":[{"href":"https:\/\/biomedicals.com.co\/index.php\/wp-json\/wp\/v2\/product\/3613"}],"collection":[{"href":"https:\/\/biomedicals.com.co\/index.php\/wp-json\/wp\/v2\/product"}],"about":[{"href":"https:\/\/biomedicals.com.co\/index.php\/wp-json\/wp\/v2\/types\/product"}],"replies":[{"embeddable":true,"href":"https:\/\/biomedicals.com.co\/index.php\/wp-json\/wp\/v2\/comments?post=3613"}],"wp:featuredmedia":[{"embeddable":true,"href":"https:\/\/biomedicals.com.co\/index.php\/wp-json\/wp\/v2\/media\/3614"}],"wp:attachment":[{"href":"https:\/\/biomedicals.com.co\/index.php\/wp-json\/wp\/v2\/media?parent=3613"}],"wp:term":[{"taxonomy":"product_cat","embeddable":true,"href":"https:\/\/biomedicals.com.co\/index.php\/wp-json\/wp\/v2\/product_cat?post=3613"},{"taxonomy":"product_tag","embeddable":true,"href":"https:\/\/biomedicals.com.co\/index.php\/wp-json\/wp\/v2\/product_tag?post=3613"}],"curies":[{"name":"wp","href":"https:\/\/api.w.org\/{rel}","templated":true}]}}