{"id":3622,"date":"2023-08-16T14:41:31","date_gmt":"2023-08-16T19:41:31","guid":{"rendered":"https:\/\/biomedicals.com.co\/?post_type=product&#038;p=3622"},"modified":"2023-09-27T15:12:28","modified_gmt":"2023-09-27T20:12:28","slug":"manometro-para-tensiometro","status":"publish","type":"product","link":"https:\/\/biomedicals.com.co\/index.php\/producto\/manometro-para-tensiometro\/","title":{"rendered":"MAN\u00d3METRO PARA TENSI\u00d3METRO"},"content":{"rendered":"<p>&nbsp;<\/p>\n<ul>\n<li>Compatibilidad gen\u00e9rica.<\/li>\n<li>Presi\u00f3n m\u00ednima: 0mmHg.<\/li>\n<li>Presi\u00f3n m\u00e1xima: 300mmHg.<\/li>\n<li>Temperatura de uso: -10\u00baC a 40\u00baC<\/li>\n<li>Temperatura de almacenamiento: -10 a 35\u00baC<\/li>\n<li>Humedad relativa: \u226585%<\/li>\n<li>Componentes: Man\u00f3metro cromado \u2013 Aguja de precisi\u00f3n.<\/li>\n<\/ul>\n","protected":false},"excerpt":{"rendered":"<p>Dise\u00f1ado para obtener los valores de medici\u00f3n de la presi\u00f3n sist\u00f3lica y diast\u00f3lica<\/p>\n","protected":false},"featured_media":3623,"comment_status":"open","ping_status":"closed","template":"","meta":[],"product_cat":[112,110],"product_tag":[],"acf":[],"aioseo_notices":[],"_links":{"self":[{"href":"https:\/\/biomedicals.com.co\/index.php\/wp-json\/wp\/v2\/product\/3622"}],"collection":[{"href":"https:\/\/biomedicals.com.co\/index.php\/wp-json\/wp\/v2\/product"}],"about":[{"href":"https:\/\/biomedicals.com.co\/index.php\/wp-json\/wp\/v2\/types\/product"}],"replies":[{"embeddable":true,"href":"https:\/\/biomedicals.com.co\/index.php\/wp-json\/wp\/v2\/comments?post=3622"}],"wp:featuredmedia":[{"embeddable":true,"href":"https:\/\/biomedicals.com.co\/index.php\/wp-json\/wp\/v2\/media\/3623"}],"wp:attachment":[{"href":"https:\/\/biomedicals.com.co\/index.php\/wp-json\/wp\/v2\/media?parent=3622"}],"wp:term":[{"taxonomy":"product_cat","embeddable":true,"href":"https:\/\/biomedicals.com.co\/index.php\/wp-json\/wp\/v2\/product_cat?post=3622"},{"taxonomy":"product_tag","embeddable":true,"href":"https:\/\/biomedicals.com.co\/index.php\/wp-json\/wp\/v2\/product_tag?post=3622"}],"curies":[{"name":"wp","href":"https:\/\/api.w.org\/{rel}","templated":true}]}}