{"id":3627,"date":"2023-08-16T14:47:56","date_gmt":"2023-08-16T19:47:56","guid":{"rendered":"https:\/\/biomedicals.com.co\/?post_type=product&#038;p=3627"},"modified":"2023-09-27T15:08:53","modified_gmt":"2023-09-27T20:08:53","slug":"manometro-para-tensiometro-2","status":"publish","type":"product","link":"https:\/\/biomedicals.com.co\/index.php\/producto\/manometro-para-tensiometro-2\/","title":{"rendered":"MAN\u00d3METRO PARA TENSI\u00d3METRO"},"content":{"rendered":"<ul>\n<li>Instrumento para medir la presi\u00f3n sist\u00f3lica y diast\u00f3lica.<\/li>\n<li>Compatibilidad gen\u00e9rica.<\/li>\n<li>Tipo: ajustable. Rango de medida: 0 a 300 mmHg.<\/li>\n<li>Temperatura de uso: -10\u00baC a 40\u00baC<\/li>\n<li>Humedad relativa: \u226485%<\/li>\n<li>Componentes: Man\u00f3metro \u2013 Aguja de precisi\u00f3n.<\/li>\n<li>Tipo de paciente: Adulto, Pedi\u00e1trico y Neonatal.<\/li>\n<\/ul>\n","protected":false},"excerpt":{"rendered":"<p>Instrumento para medir la presi\u00f3n sist\u00f3lica y diast\u00f3lica<\/p>\n","protected":false},"featured_media":3628,"comment_status":"open","ping_status":"closed","template":"","meta":[],"product_cat":[112,110],"product_tag":[],"acf":[],"aioseo_notices":[],"_links":{"self":[{"href":"https:\/\/biomedicals.com.co\/index.php\/wp-json\/wp\/v2\/product\/3627"}],"collection":[{"href":"https:\/\/biomedicals.com.co\/index.php\/wp-json\/wp\/v2\/product"}],"about":[{"href":"https:\/\/biomedicals.com.co\/index.php\/wp-json\/wp\/v2\/types\/product"}],"replies":[{"embeddable":true,"href":"https:\/\/biomedicals.com.co\/index.php\/wp-json\/wp\/v2\/comments?post=3627"}],"wp:featuredmedia":[{"embeddable":true,"href":"https:\/\/biomedicals.com.co\/index.php\/wp-json\/wp\/v2\/media\/3628"}],"wp:attachment":[{"href":"https:\/\/biomedicals.com.co\/index.php\/wp-json\/wp\/v2\/media?parent=3627"}],"wp:term":[{"taxonomy":"product_cat","embeddable":true,"href":"https:\/\/biomedicals.com.co\/index.php\/wp-json\/wp\/v2\/product_cat?post=3627"},{"taxonomy":"product_tag","embeddable":true,"href":"https:\/\/biomedicals.com.co\/index.php\/wp-json\/wp\/v2\/product_tag?post=3627"}],"curies":[{"name":"wp","href":"https:\/\/api.w.org\/{rel}","templated":true}]}}