{"id":3634,"date":"2023-08-16T15:00:05","date_gmt":"2023-08-16T20:00:05","guid":{"rendered":"https:\/\/biomedicals.com.co\/?post_type=product&#038;p=3634"},"modified":"2023-08-16T15:00:05","modified_gmt":"2023-08-16T20:00:05","slug":"pera-deluxe-para-tensiometro-con-valvula","status":"publish","type":"product","link":"https:\/\/biomedicals.com.co\/index.php\/producto\/pera-deluxe-para-tensiometro-con-valvula\/","title":{"rendered":"Pera Deluxe para Tensi\u00f3metro, con v\u00e1lvula"},"content":{"rendered":"<pre><b>CARACTER\u00cdSTICAS:<\/b>\r\n\r\nAccesorio usado como repuesto en tensi\u00f3metros.\r\nV\u00e1lvula con regulador de presi\u00f3n.\r\nProducto reutilizable.\r\nCompatibilidad gen\u00e9rica.\r\nTemperatura de almacenamiento: -10 a 35\u00baC\r\nHumedad relativa: \u226585%\r\nComponentes: Pera deluxe \u2013 V\u00e1lvula de acero inoxidable.<\/pre>\n","protected":false},"excerpt":{"rendered":"<p>CARACTER\u00cdSTICAS: Accesorio usado como repuesto en tensi\u00f3metros. V\u00e1lvula con regulador de presi\u00f3n. Producto reutilizable. Compatibilidad gen\u00e9rica. Temperatura de almacenamiento: -10 a 35\u00baC Humedad relativa: \u226585% Componentes: Pera deluxe \u2013 V\u00e1lvula de acero inoxidable.<\/p>\n","protected":false},"featured_media":3633,"comment_status":"open","ping_status":"closed","template":"","meta":[],"product_cat":[113,110],"product_tag":[],"acf":[],"aioseo_notices":[],"_links":{"self":[{"href":"https:\/\/biomedicals.com.co\/index.php\/wp-json\/wp\/v2\/product\/3634"}],"collection":[{"href":"https:\/\/biomedicals.com.co\/index.php\/wp-json\/wp\/v2\/product"}],"about":[{"href":"https:\/\/biomedicals.com.co\/index.php\/wp-json\/wp\/v2\/types\/product"}],"replies":[{"embeddable":true,"href":"https:\/\/biomedicals.com.co\/index.php\/wp-json\/wp\/v2\/comments?post=3634"}],"wp:featuredmedia":[{"embeddable":true,"href":"https:\/\/biomedicals.com.co\/index.php\/wp-json\/wp\/v2\/media\/3633"}],"wp:attachment":[{"href":"https:\/\/biomedicals.com.co\/index.php\/wp-json\/wp\/v2\/media?parent=3634"}],"wp:term":[{"taxonomy":"product_cat","embeddable":true,"href":"https:\/\/biomedicals.com.co\/index.php\/wp-json\/wp\/v2\/product_cat?post=3634"},{"taxonomy":"product_tag","embeddable":true,"href":"https:\/\/biomedicals.com.co\/index.php\/wp-json\/wp\/v2\/product_tag?post=3634"}],"curies":[{"name":"wp","href":"https:\/\/api.w.org\/{rel}","templated":true}]}}