{"id":3637,"date":"2023-08-16T15:14:17","date_gmt":"2023-08-16T20:14:17","guid":{"rendered":"https:\/\/biomedicals.com.co\/?post_type=product&#038;p=3637"},"modified":"2023-08-16T15:14:17","modified_gmt":"2023-08-16T20:14:17","slug":"tubo-de-extension-en-espiral-para-tensiometro","status":"publish","type":"product","link":"https:\/\/biomedicals.com.co\/index.php\/producto\/tubo-de-extension-en-espiral-para-tensiometro\/","title":{"rendered":"Tubo de Extensi\u00f3n en Espiral para Tensi\u00f3metro"},"content":{"rendered":"<p>Longitud m\u00e1xima 200 cms, fabricado en caucho l\u00e1tex, con terminales pl\u00e1sticos.<\/p>\n","protected":false},"excerpt":{"rendered":"<p>Longitud m\u00e1xima 200 cms, fabricado en caucho l\u00e1tex, con terminales pl\u00e1sticos.<\/p>\n","protected":false},"featured_media":3638,"comment_status":"open","ping_status":"closed","template":"","meta":[],"product_cat":[113,110],"product_tag":[],"acf":[],"aioseo_notices":[],"_links":{"self":[{"href":"https:\/\/biomedicals.com.co\/index.php\/wp-json\/wp\/v2\/product\/3637"}],"collection":[{"href":"https:\/\/biomedicals.com.co\/index.php\/wp-json\/wp\/v2\/product"}],"about":[{"href":"https:\/\/biomedicals.com.co\/index.php\/wp-json\/wp\/v2\/types\/product"}],"replies":[{"embeddable":true,"href":"https:\/\/biomedicals.com.co\/index.php\/wp-json\/wp\/v2\/comments?post=3637"}],"wp:featuredmedia":[{"embeddable":true,"href":"https:\/\/biomedicals.com.co\/index.php\/wp-json\/wp\/v2\/media\/3638"}],"wp:attachment":[{"href":"https:\/\/biomedicals.com.co\/index.php\/wp-json\/wp\/v2\/media?parent=3637"}],"wp:term":[{"taxonomy":"product_cat","embeddable":true,"href":"https:\/\/biomedicals.com.co\/index.php\/wp-json\/wp\/v2\/product_cat?post=3637"},{"taxonomy":"product_tag","embeddable":true,"href":"https:\/\/biomedicals.com.co\/index.php\/wp-json\/wp\/v2\/product_tag?post=3637"}],"curies":[{"name":"wp","href":"https:\/\/api.w.org\/{rel}","templated":true}]}}