{"id":3639,"date":"2023-08-16T16:15:31","date_gmt":"2023-08-16T21:15:31","guid":{"rendered":"https:\/\/biomedicals.com.co\/?post_type=product&#038;p=3639"},"modified":"2023-08-16T16:26:22","modified_gmt":"2023-08-16T21:26:22","slug":"bateria-12v-2-3ah","status":"publish","type":"product","link":"https:\/\/biomedicals.com.co\/index.php\/producto\/bateria-12v-2-3ah\/","title":{"rendered":"Bater\u00eda 12V 2.3Ah"},"content":{"rendered":"<p><strong>CARACTER\u00cdSTICAS:<\/strong><\/p>\n<p>Transductor de energ\u00eda que convierte la energ\u00eda qu\u00edmica en energ\u00eda el\u00e9ctrica.<br \/>\nVoltaje: 12V.<br \/>\nCorriente: 2,3Ah.<br \/>\nTiempo de carga: 24 horas.<br \/>\nCiclos de vida: 500 a 800.<br \/>\nTemperatura de almacenamiento: -15 a 45\u00b0C.<br \/>\nHumedad relativa: &lt;95%.<br \/>\nVelocidad de autodescarga: 3% mensual.<br \/>\nComponentes:<br \/>\nComposici\u00f3n qu\u00edmica: SLA (\u00c1cido-plomo sellado).<br \/>\nElectrodo positivo.<br \/>\nElectrodo negativo.<br \/>\nSoluci\u00f3n electrol\u00edtica.<\/p>\n<p><strong>COMPATIBILIDAD:<\/strong><\/p>\n<p><strong>Mindray:<\/strong><br \/>\n\u2022 MEC 1200.<br \/>\n\u2022 PM9000.<br \/>\n<strong>Biolight:<\/strong><br \/>\n\u2022 M7000.<br \/>\n\u2022 M9000.<br \/>\n<strong>Biocare:<\/strong><br \/>\n\u2022 BM9000.<br \/>\n<strong>Philips:<\/strong><br \/>\n\u2022 V24.<br \/>\n\u2022 M1205A.<\/p>\n<p><strong>TIPO DE USO:<\/strong>\u00a0Recargable.<\/p>\n<p><strong>SERVICIOS DONDE SE UTILIZA:<\/strong>\u00a0Urgencias, Cuidados intensivos UCI, Cuidados especiales UCE, Hospitalizaci\u00f3n, Salas de cirug\u00eda, Salas de Parto.<\/p>\n","protected":false},"excerpt":{"rendered":"<p>Bater\u00eda 12v 2.3 Ah, SLA, Mindray Mec 1200, PM9000, Biolight M7000, M9000, Biocare BM9000, Philips V24, M1205A. Marca Battermed.<\/p>\n","protected":false},"featured_media":3640,"comment_status":"open","ping_status":"closed","template":"","meta":[],"product_cat":[114,110],"product_tag":[],"acf":[],"aioseo_notices":[],"_links":{"self":[{"href":"https:\/\/biomedicals.com.co\/index.php\/wp-json\/wp\/v2\/product\/3639"}],"collection":[{"href":"https:\/\/biomedicals.com.co\/index.php\/wp-json\/wp\/v2\/product"}],"about":[{"href":"https:\/\/biomedicals.com.co\/index.php\/wp-json\/wp\/v2\/types\/product"}],"replies":[{"embeddable":true,"href":"https:\/\/biomedicals.com.co\/index.php\/wp-json\/wp\/v2\/comments?post=3639"}],"wp:featuredmedia":[{"embeddable":true,"href":"https:\/\/biomedicals.com.co\/index.php\/wp-json\/wp\/v2\/media\/3640"}],"wp:attachment":[{"href":"https:\/\/biomedicals.com.co\/index.php\/wp-json\/wp\/v2\/media?parent=3639"}],"wp:term":[{"taxonomy":"product_cat","embeddable":true,"href":"https:\/\/biomedicals.com.co\/index.php\/wp-json\/wp\/v2\/product_cat?post=3639"},{"taxonomy":"product_tag","embeddable":true,"href":"https:\/\/biomedicals.com.co\/index.php\/wp-json\/wp\/v2\/product_tag?post=3639"}],"curies":[{"name":"wp","href":"https:\/\/api.w.org\/{rel}","templated":true}]}}