{"id":3644,"date":"2023-08-16T16:24:42","date_gmt":"2023-08-16T21:24:42","guid":{"rendered":"https:\/\/biomedicals.com.co\/?post_type=product&#038;p=3644"},"modified":"2023-08-16T16:24:42","modified_gmt":"2023-08-16T21:24:42","slug":"bateria-12v-3000mah","status":"publish","type":"product","link":"https:\/\/biomedicals.com.co\/index.php\/producto\/bateria-12v-3000mah\/","title":{"rendered":"Bater\u00eda 12V 3000mAh"},"content":{"rendered":"<pre><strong>CARACTER\u00cdSTICAS:<\/strong>\r\n\r\nTransductor de energ\u00eda que convierte la energ\u00eda qu\u00edmica en energ\u00eda el\u00e9ctrica.\r\nVoltaje: 12V.\r\nCorriente: 3000mAh.\r\nTiempo de carga: 15 horas.\r\nCiclos de vida: 500 a 2000.\r\nTemperatura de almacenamiento: -20 a 45\u00b0C.\r\nHumedad relativa: &lt;85%.\r\nVelocidad de autodescarga: 30% mensual.\r\nComponentes:\r\nComposici\u00f3n qu\u00edmica: Ni-MH (N\u00edquel-metalhidruro).\r\nElectrodo positivo.\r\nElectrodo negativo.\r\nSoluci\u00f3n electrol\u00edtica.\r\n\r\n<strong>COMPATIBILIDAD:<\/strong>\r\n\r\n<strong>Burdick:<\/strong>\r\n\u2022 EK10.\r\n<strong>Fukuda:<\/strong>\r\n\u2022 FC700A.\r\n\r\n<strong>TIPO DE USO:<\/strong>\u00a0Recargable.\r\n\r\n<strong>SERVICIOS DONDE SE UTILIZA:<\/strong>\u00a0Urgencias, Cuidados intensivos UCI, Cuidados especiales UCE, Hospitalizaci\u00f3n, Salas de cirug\u00eda, Salas de Parto.<\/pre>\n","protected":false},"excerpt":{"rendered":"<p>Bater\u00eda 12V 3000 mAh, NI-MH, compatible con Burdick EK10, Fukuda FC700A. Marca Battermed.<\/p>\n","protected":false},"featured_media":3645,"comment_status":"open","ping_status":"closed","template":"","meta":[],"product_cat":[114,110],"product_tag":[],"acf":[],"aioseo_notices":[],"_links":{"self":[{"href":"https:\/\/biomedicals.com.co\/index.php\/wp-json\/wp\/v2\/product\/3644"}],"collection":[{"href":"https:\/\/biomedicals.com.co\/index.php\/wp-json\/wp\/v2\/product"}],"about":[{"href":"https:\/\/biomedicals.com.co\/index.php\/wp-json\/wp\/v2\/types\/product"}],"replies":[{"embeddable":true,"href":"https:\/\/biomedicals.com.co\/index.php\/wp-json\/wp\/v2\/comments?post=3644"}],"wp:featuredmedia":[{"embeddable":true,"href":"https:\/\/biomedicals.com.co\/index.php\/wp-json\/wp\/v2\/media\/3645"}],"wp:attachment":[{"href":"https:\/\/biomedicals.com.co\/index.php\/wp-json\/wp\/v2\/media?parent=3644"}],"wp:term":[{"taxonomy":"product_cat","embeddable":true,"href":"https:\/\/biomedicals.com.co\/index.php\/wp-json\/wp\/v2\/product_cat?post=3644"},{"taxonomy":"product_tag","embeddable":true,"href":"https:\/\/biomedicals.com.co\/index.php\/wp-json\/wp\/v2\/product_tag?post=3644"}],"curies":[{"name":"wp","href":"https:\/\/api.w.org\/{rel}","templated":true}]}}