{"id":3655,"date":"2023-08-16T16:46:00","date_gmt":"2023-08-16T21:46:00","guid":{"rendered":"https:\/\/biomedicals.com.co\/?post_type=product&#038;p=3655"},"modified":"2023-08-16T16:46:00","modified_gmt":"2023-08-16T21:46:00","slug":"bateria-12v-12ah","status":"publish","type":"product","link":"https:\/\/biomedicals.com.co\/index.php\/producto\/bateria-12v-12ah\/","title":{"rendered":"Bater\u00eda 12V 12Ah"},"content":{"rendered":"<p><strong>CARACTER\u00cdSTICAS:<\/strong><\/p>\n<p>Transductor de energ\u00eda que convierte la energ\u00eda qu\u00edmica en energ\u00eda el\u00e9ctrica.<br \/>\nVoltaje: 12V.<br \/>\nCorriente: 12Ah.<br \/>\nTiempo de carga: 24 horas.<br \/>\nCiclos de vida: 500 a 800.<br \/>\nTemperatura de almacenamiento: -15 a 45\u00b0C.<br \/>\nHumedad relativa: &lt;95%.<br \/>\nVelocidad de autodescarga: 3% mensual.<br \/>\nComponentes:<br \/>\nComposici\u00f3n qu\u00edmica: SLA (\u00c1cido-plomo sellado).<br \/>\nElectrodo positivo.<br \/>\nElectrodo negativo.<br \/>\nSoluci\u00f3n electrol\u00edtica.<\/p>\n<p><strong>COMPATIBILIDAD:<\/strong><\/p>\n<p>M\u00e1quinas de anestesia.<br \/>\nMesa de cirug\u00eda.<br \/>\nJAC 6.<\/p>\n<p><strong>TIPO DE USO:\u00a0<\/strong>Recargable.<\/p>\n<p><strong>SERVICIOS DONDE SE UTILIZA:\u00a0<\/strong>Salas de cirug\u00eda, Salas de Parto.<\/p>\n","protected":false},"excerpt":{"rendered":"<p>Bater\u00eda 12V 12Ah, SLA, para m\u00e1quinas de anestesia, mesa de cirug\u00eda, EKG JAC 6. Marca Battermed.<\/p>\n","protected":false},"featured_media":3656,"comment_status":"open","ping_status":"closed","template":"","meta":[],"product_cat":[114,110],"product_tag":[],"acf":[],"aioseo_notices":[],"_links":{"self":[{"href":"https:\/\/biomedicals.com.co\/index.php\/wp-json\/wp\/v2\/product\/3655"}],"collection":[{"href":"https:\/\/biomedicals.com.co\/index.php\/wp-json\/wp\/v2\/product"}],"about":[{"href":"https:\/\/biomedicals.com.co\/index.php\/wp-json\/wp\/v2\/types\/product"}],"replies":[{"embeddable":true,"href":"https:\/\/biomedicals.com.co\/index.php\/wp-json\/wp\/v2\/comments?post=3655"}],"wp:featuredmedia":[{"embeddable":true,"href":"https:\/\/biomedicals.com.co\/index.php\/wp-json\/wp\/v2\/media\/3656"}],"wp:attachment":[{"href":"https:\/\/biomedicals.com.co\/index.php\/wp-json\/wp\/v2\/media?parent=3655"}],"wp:term":[{"taxonomy":"product_cat","embeddable":true,"href":"https:\/\/biomedicals.com.co\/index.php\/wp-json\/wp\/v2\/product_cat?post=3655"},{"taxonomy":"product_tag","embeddable":true,"href":"https:\/\/biomedicals.com.co\/index.php\/wp-json\/wp\/v2\/product_tag?post=3655"}],"curies":[{"name":"wp","href":"https:\/\/api.w.org\/{rel}","templated":true}]}}