{"id":3701,"date":"2023-08-17T17:04:13","date_gmt":"2023-08-17T22:04:13","guid":{"rendered":"https:\/\/biomedicals.com.co\/?post_type=product&#038;p=3701"},"modified":"2023-08-17T17:10:56","modified_gmt":"2023-08-17T22:10:56","slug":"filtro-hidrofobico-rosca-manguera","status":"publish","type":"product","link":"https:\/\/biomedicals.com.co\/index.php\/producto\/filtro-hidrofobico-rosca-manguera\/","title":{"rendered":"Filtro hidrof\u00f3bico rosca manguera"},"content":{"rendered":"<p><b>CARACTER\u00cdSTICAS:<\/b><\/p>\n<p><span style=\"font-weight: 400;\">Filtro para la protecci\u00f3n y humidificaci\u00f3n dise\u00f1ado para dispositivos respiratorios.<\/span><span style=\"font-weight: 400;\"><br \/>\n<\/span><span style=\"font-weight: 400;\">Capacidad de filtraci\u00f3n: 0,3 micras<\/span><span style=\"font-weight: 400;\"><br \/>\n<\/span><span style=\"font-weight: 400;\">Eficiencia de filtraci\u00f3n: 99.999%.<\/span><span style=\"font-weight: 400;\"><br \/>\n<\/span><span style=\"font-weight: 400;\">Di\u00e1metro disco: 52mm.<\/span><span style=\"font-weight: 400;\"><br \/>\n<\/span><span style=\"font-weight: 400;\">Di\u00e1metro conector manguera: 9,7mm.<\/span><span style=\"font-weight: 400;\"><br \/>\n<\/span><span style=\"font-weight: 400;\">Di\u00e1metro conector rosca: 8,9mm.<\/span><span style=\"font-weight: 400;\"><br \/>\n<\/span><span style=\"font-weight: 400;\">Compatibilidad: Succionador.<\/span><span style=\"font-weight: 400;\"><br \/>\n<\/span><span style=\"font-weight: 400;\">Temperatura de almacenamiento: 10 a 35\u00baC.<\/span><span style=\"font-weight: 400;\"><br \/>\n<\/span><span style=\"font-weight: 400;\">Humedad relativa: 0 a 99%.<\/span><span style=\"font-weight: 400;\"><br \/>\n<\/span><span style=\"font-weight: 400;\">Presi\u00f3n atmosf\u00e9rica: 1 Atm.<\/span><span style=\"font-weight: 400;\"><br \/>\n<\/span><span style=\"font-weight: 400;\">Componentes:<\/span><span style=\"font-weight: 400;\"><br \/>\n<\/span><span style=\"font-weight: 400;\">Material filtrante: PP hidrof\u00f3bico.<\/span><span style=\"font-weight: 400;\"><br \/>\n<\/span><span style=\"font-weight: 400;\">Material carcasa: polipropileno.<\/span><span style=\"font-weight: 400;\"><br \/>\n<\/span><span style=\"font-weight: 400;\">Conector: rosca \u2013 manguera.<\/span><\/p>\n<p><b>TIPO DE PACIENTE: <\/b><span style=\"font-weight: 400;\">Adulto, Pedi\u00e1trico y Neonatal.<\/span><\/p>\n<p><b>TIPO DE USO: <\/b><span style=\"font-weight: 400;\">Desechable.<\/span><\/p>\n","protected":false},"excerpt":{"rendered":"<p><span style=\"font-weight: 400;\">Filtro hidrof\u00f3bico rosca manguera, para succionador. Marca Binmed.<\/span><\/p>\n","protected":false},"featured_media":3704,"comment_status":"open","ping_status":"closed","template":"","meta":[],"product_cat":[116,110],"product_tag":[],"acf":[],"aioseo_notices":[],"_links":{"self":[{"href":"https:\/\/biomedicals.com.co\/index.php\/wp-json\/wp\/v2\/product\/3701"}],"collection":[{"href":"https:\/\/biomedicals.com.co\/index.php\/wp-json\/wp\/v2\/product"}],"about":[{"href":"https:\/\/biomedicals.com.co\/index.php\/wp-json\/wp\/v2\/types\/product"}],"replies":[{"embeddable":true,"href":"https:\/\/biomedicals.com.co\/index.php\/wp-json\/wp\/v2\/comments?post=3701"}],"wp:featuredmedia":[{"embeddable":true,"href":"https:\/\/biomedicals.com.co\/index.php\/wp-json\/wp\/v2\/media\/3704"}],"wp:attachment":[{"href":"https:\/\/biomedicals.com.co\/index.php\/wp-json\/wp\/v2\/media?parent=3701"}],"wp:term":[{"taxonomy":"product_cat","embeddable":true,"href":"https:\/\/biomedicals.com.co\/index.php\/wp-json\/wp\/v2\/product_cat?post=3701"},{"taxonomy":"product_tag","embeddable":true,"href":"https:\/\/biomedicals.com.co\/index.php\/wp-json\/wp\/v2\/product_tag?post=3701"}],"curies":[{"name":"wp","href":"https:\/\/api.w.org\/{rel}","templated":true}]}}