{"id":3706,"date":"2023-08-17T17:32:09","date_gmt":"2023-08-17T22:32:09","guid":{"rendered":"https:\/\/biomedicals.com.co\/?post_type=product&#038;p=3706"},"modified":"2023-08-17T17:32:10","modified_gmt":"2023-08-17T22:32:10","slug":"papel-para-registro-medico","status":"publish","type":"product","link":"https:\/\/biomedicals.com.co\/index.php\/producto\/papel-para-registro-medico\/","title":{"rendered":"Papel para registro m\u00e9dico"},"content":{"rendered":"<p><span style=\"font-weight: 400;\">papel t\u00e9rmico para registros m\u00e9dicos, en presentaci\u00f3n rollo y Zig Zag\/folds.<\/span><\/p>\n<ul>\n<li><span style=\"font-weight: 400;\"> Rollos y Folds en papel T\u00e9rmico para Electrocardi\u00f3grafos.<\/span><\/li>\n<li><span style=\"font-weight: 400;\"> Libretas (folds) en papel T\u00e9rmico para Monitores Fetales.<\/span><\/li>\n<li><span style=\"font-weight: 400;\"> Rollos en papel T\u00e9rmico para Desfibriladores.<\/span><\/li>\n<li><span style=\"font-weight: 400;\"> Rollos en papel T\u00e9rmico para Ec\u00f3grafos.<\/span><\/li>\n<li><span style=\"font-weight: 400;\"> Papel T\u00e9rmico para Audiometros.<\/span><\/li>\n<li><span style=\"font-weight: 400;\"> papel t\u00e9rmico para toda clase de equipos m\u00e9dicos<\/span><\/li>\n<\/ul>\n","protected":false},"excerpt":{"rendered":"<p><span style=\"font-weight: 400;\">papel t\u00e9rmico para registros m\u00e9dicos, en presentaci\u00f3n rollo y Zig Zag\/folds<\/span><\/p>\n","protected":false},"featured_media":3707,"comment_status":"open","ping_status":"closed","template":"","meta":[],"product_cat":[117,110],"product_tag":[],"acf":[],"aioseo_notices":[],"_links":{"self":[{"href":"https:\/\/biomedicals.com.co\/index.php\/wp-json\/wp\/v2\/product\/3706"}],"collection":[{"href":"https:\/\/biomedicals.com.co\/index.php\/wp-json\/wp\/v2\/product"}],"about":[{"href":"https:\/\/biomedicals.com.co\/index.php\/wp-json\/wp\/v2\/types\/product"}],"replies":[{"embeddable":true,"href":"https:\/\/biomedicals.com.co\/index.php\/wp-json\/wp\/v2\/comments?post=3706"}],"wp:featuredmedia":[{"embeddable":true,"href":"https:\/\/biomedicals.com.co\/index.php\/wp-json\/wp\/v2\/media\/3707"}],"wp:attachment":[{"href":"https:\/\/biomedicals.com.co\/index.php\/wp-json\/wp\/v2\/media?parent=3706"}],"wp:term":[{"taxonomy":"product_cat","embeddable":true,"href":"https:\/\/biomedicals.com.co\/index.php\/wp-json\/wp\/v2\/product_cat?post=3706"},{"taxonomy":"product_tag","embeddable":true,"href":"https:\/\/biomedicals.com.co\/index.php\/wp-json\/wp\/v2\/product_tag?post=3706"}],"curies":[{"name":"wp","href":"https:\/\/api.w.org\/{rel}","templated":true}]}}