{"id":3711,"date":"2023-08-17T17:35:44","date_gmt":"2023-08-17T22:35:44","guid":{"rendered":"https:\/\/biomedicals.com.co\/?post_type=product&#038;p=3711"},"modified":"2023-08-17T17:35:45","modified_gmt":"2023-08-17T22:35:45","slug":"electrodos-multifuncion","status":"publish","type":"product","link":"https:\/\/biomedicals.com.co\/index.php\/producto\/electrodos-multifuncion\/","title":{"rendered":"Electrodos multifunci\u00f3n"},"content":{"rendered":"<p><span style=\"font-weight: 400;\">Electrodos multifunci\u00f3n Euro Defi Pads tipo adulto, compatibles con diferentes marcas de equipos m\u00e9dicos..<\/span><\/p>\n<p>&nbsp;<\/p>\n<p><b>CARACTER\u00cdSTICAS:<\/b><\/p>\n<p><span style=\"font-weight: 400;\">Multifunci\u00f3n: desfibrilaci\u00f3n, estimulaci\u00f3n no invasiva, cardioversi\u00f3n y monitorizaci\u00f3n de ECG est\u00e1ndar.<\/span><span style=\"font-weight: 400;\"><br \/>\n<\/span><span style=\"font-weight: 400;\">N\u00famero de descargas soportadas por el electrodo: 50 a 360J<\/span><span style=\"font-weight: 400;\"><br \/>\n<\/span><span style=\"font-weight: 400;\">Uso para mayores de 8 a\u00f1os, uso \u00fanicamente en pacientes con peso superior a 25Kg. (F7952)<\/span><span style=\"font-weight: 400;\"><br \/>\n<\/span><span style=\"font-weight: 400;\">Temperatura de almacenamiento: 5 a 35\u00baC.<\/span><span style=\"font-weight: 400;\"><br \/>\n<\/span><span style=\"font-weight: 400;\">Componentes:<\/span><span style=\"font-weight: 400;\"><br \/>\n<\/span><span style=\"font-weight: 400;\">Espuma m\u00e9dica, 1mm de espesor.<\/span><span style=\"font-weight: 400;\"><br \/>\n<\/span><span style=\"font-weight: 400;\">Gel adhesivo conductor de baja impedancia.<\/span><span style=\"font-weight: 400;\"><br \/>\n<\/span><span style=\"font-weight: 400;\">Hoja de metal.<\/span><span style=\"font-weight: 400;\"><br \/>\n<\/span><span style=\"font-weight: 400;\">Conector pl\u00e1stico antichoque o clip.<\/span><\/p>\n<p><b>INDICACIONES DE USO:<\/b><\/p>\n<p><span style=\"font-weight: 400;\">Revise el buen estado del empaque que no presente cortes o rupturas.<\/span><span style=\"font-weight: 400;\"><br \/>\n<\/span><span style=\"font-weight: 400;\">Verifique el buen estado del electrodo.<\/span><span style=\"font-weight: 400;\"><br \/>\n<\/span><span style=\"font-weight: 400;\">Realice prueba funcional.<\/span><\/p>\n<p><b>TIPO DE PACIENTE:<\/b><span style=\"font-weight: 400;\"> Adulto.<\/span><\/p>\n<p><b>TIPO DE USO:<\/b><span style=\"font-weight: 400;\"> Desechable.<\/span><\/p>\n<p><b>PRESENTACIONES:<\/b><span style=\"font-weight: 400;\"> Tipo adulto.<\/span><\/p>\n","protected":false},"excerpt":{"rendered":"<p><span style=\"font-weight: 400;\">Electrodos multifunci\u00f3n Euro Defi Pads tipo adulto, compatibles con diferentes marcas de equipos m\u00e9dicos.<\/span><\/p>\n","protected":false},"featured_media":3712,"comment_status":"open","ping_status":"closed","template":"","meta":[],"product_cat":[118,110],"product_tag":[],"acf":[],"aioseo_notices":[],"_links":{"self":[{"href":"https:\/\/biomedicals.com.co\/index.php\/wp-json\/wp\/v2\/product\/3711"}],"collection":[{"href":"https:\/\/biomedicals.com.co\/index.php\/wp-json\/wp\/v2\/product"}],"about":[{"href":"https:\/\/biomedicals.com.co\/index.php\/wp-json\/wp\/v2\/types\/product"}],"replies":[{"embeddable":true,"href":"https:\/\/biomedicals.com.co\/index.php\/wp-json\/wp\/v2\/comments?post=3711"}],"wp:featuredmedia":[{"embeddable":true,"href":"https:\/\/biomedicals.com.co\/index.php\/wp-json\/wp\/v2\/media\/3712"}],"wp:attachment":[{"href":"https:\/\/biomedicals.com.co\/index.php\/wp-json\/wp\/v2\/media?parent=3711"}],"wp:term":[{"taxonomy":"product_cat","embeddable":true,"href":"https:\/\/biomedicals.com.co\/index.php\/wp-json\/wp\/v2\/product_cat?post=3711"},{"taxonomy":"product_tag","embeddable":true,"href":"https:\/\/biomedicals.com.co\/index.php\/wp-json\/wp\/v2\/product_tag?post=3711"}],"curies":[{"name":"wp","href":"https:\/\/api.w.org\/{rel}","templated":true}]}}