{"id":3717,"date":"2023-08-17T17:48:23","date_gmt":"2023-08-17T22:48:23","guid":{"rendered":"https:\/\/biomedicals.com.co\/?post_type=product&#038;p=3717"},"modified":"2023-08-17T17:48:23","modified_gmt":"2023-08-17T22:48:23","slug":"cable-de-ecg-pieza-completa","status":"publish","type":"product","link":"https:\/\/biomedicals.com.co\/index.php\/producto\/cable-de-ecg-pieza-completa\/","title":{"rendered":"Cable de ECG pieza completa"},"content":{"rendered":"<p><span style=\"font-weight: 400;\">Cable de ECG pieza completa, 3 latiguillos, broche, conector 6 pines, compatible con diferentes marcas de equipos m\u00e9dicos.<\/span><\/p>\n<p>&nbsp;<\/p>\n<p><b>CARACTER\u00cdSTICAS:<\/b><\/p>\n<p><span style=\"font-weight: 400;\">Utilizado en equipos de monitoreo de ECG para medir se\u00f1ales bioel\u00e9ctricas y estado de la frecuencia cardiaca del paciente.<\/span><span style=\"font-weight: 400;\"><br \/>\n<\/span><span style=\"font-weight: 400;\">Dispositivo reutilizable.<\/span><span style=\"font-weight: 400;\"><br \/>\n<\/span><span style=\"font-weight: 400;\">Libre de l\u00e1tex.<\/span><span style=\"font-weight: 400;\"><br \/>\n<\/span><span style=\"font-weight: 400;\">Norma AHA.<\/span><span style=\"font-weight: 400;\"><br \/>\n<\/span><span style=\"font-weight: 400;\">Temperatura de almacenamiento: 5 a 45\u00b0C.<\/span><span style=\"font-weight: 400;\"><br \/>\n<\/span><span style=\"font-weight: 400;\">Humedad relativa: 30 a 75%.<\/span><span style=\"font-weight: 400;\"><br \/>\n<\/span><span style=\"font-weight: 400;\">Componentes:<\/span><span style=\"font-weight: 400;\"><br \/>\n<\/span><span style=\"font-weight: 400;\">Cable principal TPU.<\/span><span style=\"font-weight: 400;\"><br \/>\n<\/span><span style=\"font-weight: 400;\">Derivaciones 3 (conexi\u00f3n para latiguillos).<\/span><span style=\"font-weight: 400;\"><br \/>\n<\/span><span style=\"font-weight: 400;\">Conexi\u00f3n para latiguillos tipo broche.<\/span><span style=\"font-weight: 400;\"><br \/>\n<\/span><span style=\"font-weight: 400;\">Conector principal redondo 6 pines.<\/span><\/p>\n<p><b>INDICACIONES DE USO:<\/b><\/p>\n<p><span style=\"font-weight: 400;\">Revise el buen estado del cable, que no presente cortes o rupturas.<\/span><span style=\"font-weight: 400;\"><br \/>\n<\/span><span style=\"font-weight: 400;\">Conecte cada derivaci\u00f3n seg\u00fan corresponda con el c\u00f3digo de colores a los electrodos.<\/span><span style=\"font-weight: 400;\"><br \/>\n<\/span><span style=\"font-weight: 400;\">Conecte al equipo y realice prueba funcional.<\/span><\/p>\n<p><b>TIPO DE PACIENTE: <\/b><span style=\"font-weight: 400;\">Adulto y pedi\u00e1trico.<\/span><\/p>\n<p><b>TIPO DE USO: <\/b><span style=\"font-weight: 400;\">Reusable.<\/span><\/p>\n<p><b>UNIDAD M\u00cdNIMA DE VENTA: <\/b><span style=\"font-weight: 400;\">Unidad.<\/span><\/p>\n<p><b>PRESENTACIONES: <\/b><span style=\"font-weight: 400;\">3 latiguillos terminal broche.<\/span><\/p>\n","protected":false},"excerpt":{"rendered":"<p><span style=\"font-weight: 400;\">Cable de ECG pieza completa, 3 latiguillos, broche, conector 6 pines, compatible con diferentes marcas de equipos m\u00e9dicos.<\/span><\/p>\n","protected":false},"featured_media":3718,"comment_status":"open","ping_status":"closed","template":"","meta":[],"product_cat":[119,110],"product_tag":[],"acf":[],"aioseo_notices":[],"_links":{"self":[{"href":"https:\/\/biomedicals.com.co\/index.php\/wp-json\/wp\/v2\/product\/3717"}],"collection":[{"href":"https:\/\/biomedicals.com.co\/index.php\/wp-json\/wp\/v2\/product"}],"about":[{"href":"https:\/\/biomedicals.com.co\/index.php\/wp-json\/wp\/v2\/types\/product"}],"replies":[{"embeddable":true,"href":"https:\/\/biomedicals.com.co\/index.php\/wp-json\/wp\/v2\/comments?post=3717"}],"wp:featuredmedia":[{"embeddable":true,"href":"https:\/\/biomedicals.com.co\/index.php\/wp-json\/wp\/v2\/media\/3718"}],"wp:attachment":[{"href":"https:\/\/biomedicals.com.co\/index.php\/wp-json\/wp\/v2\/media?parent=3717"}],"wp:term":[{"taxonomy":"product_cat","embeddable":true,"href":"https:\/\/biomedicals.com.co\/index.php\/wp-json\/wp\/v2\/product_cat?post=3717"},{"taxonomy":"product_tag","embeddable":true,"href":"https:\/\/biomedicals.com.co\/index.php\/wp-json\/wp\/v2\/product_tag?post=3717"}],"curies":[{"name":"wp","href":"https:\/\/api.w.org\/{rel}","templated":true}]}}