{"id":3734,"date":"2023-08-17T18:04:47","date_gmt":"2023-08-17T23:04:47","guid":{"rendered":"https:\/\/biomedicals.com.co\/?post_type=product&#038;p=3734"},"modified":"2023-08-17T18:04:48","modified_gmt":"2023-08-17T23:04:48","slug":"cable-de-ecg-pieza-completa-2","status":"publish","type":"product","link":"https:\/\/biomedicals.com.co\/index.php\/producto\/cable-de-ecg-pieza-completa-2\/","title":{"rendered":"Cable de ECG pieza completa"},"content":{"rendered":"<pre>Cable de ECG pieza completa, 5 latiguillos, pinza, conector 6 pines, compatible con diferentes marcas de equipos m\u00e9dicos.\u00a0\r\n\r\n\r\n<b>CARACTER\u00cdSTICAS:<\/b>\r\n\r\nUtilizado en equipos de monitoreo de ECG para medir se\u00f1ales bioel\u00e9ctricas y estado de la frecuencia cardiaca del paciente.\r\nDispositivo reutilizable.\r\nLibre de l\u00e1tex.\r\nNorma AHA.\r\nTemperatura de almacenamiento: 5 a 45\u00b0C.\r\nHumedad relativa: 30 a 75%.\r\nComponentes:\r\nCable principal TPU.\r\nDerivaciones 5 (conexi\u00f3n para latiguillos).\r\nConexi\u00f3n para latiguillos tipo pinza.\r\nConector principal redondo 6 pines.\r\n\r\n<b>INDICACIONES DE USO:<\/b>\r\n\r\nRevise el buen estado del cable, que no presente cortes o rupturas.\r\nConecte cada derivaci\u00f3n seg\u00fan corresponda con el c\u00f3digo de colores a los electrodos.\r\nConecte al equipo y realice prueba funcional.\r\n\r\n<strong>TIPO DE PACIENTE<\/strong>: Adulto y pedi\u00e1trico.\r\n\r\n<strong>TIPO DE USO<\/strong>: Reusable.\r\n\r\n<strong>UNIDAD M\u00cdNIMA DE VENTA<\/strong>: Unidad.\r\n\r\n<strong>PRESENTACIONES<\/strong>: 5 latiguillos terminal pinza.<\/pre>\n","protected":false},"excerpt":{"rendered":"<p>Cable de ECG pieza completa, 5 latiguillos, pinza, conector 6 pines, compatible con diferentes marcas de equipos m\u00e9dicos<\/p>\n","protected":false},"featured_media":3735,"comment_status":"open","ping_status":"closed","template":"","meta":[],"product_cat":[119,110],"product_tag":[],"acf":[],"aioseo_notices":[],"_links":{"self":[{"href":"https:\/\/biomedicals.com.co\/index.php\/wp-json\/wp\/v2\/product\/3734"}],"collection":[{"href":"https:\/\/biomedicals.com.co\/index.php\/wp-json\/wp\/v2\/product"}],"about":[{"href":"https:\/\/biomedicals.com.co\/index.php\/wp-json\/wp\/v2\/types\/product"}],"replies":[{"embeddable":true,"href":"https:\/\/biomedicals.com.co\/index.php\/wp-json\/wp\/v2\/comments?post=3734"}],"wp:featuredmedia":[{"embeddable":true,"href":"https:\/\/biomedicals.com.co\/index.php\/wp-json\/wp\/v2\/media\/3735"}],"wp:attachment":[{"href":"https:\/\/biomedicals.com.co\/index.php\/wp-json\/wp\/v2\/media?parent=3734"}],"wp:term":[{"taxonomy":"product_cat","embeddable":true,"href":"https:\/\/biomedicals.com.co\/index.php\/wp-json\/wp\/v2\/product_cat?post=3734"},{"taxonomy":"product_tag","embeddable":true,"href":"https:\/\/biomedicals.com.co\/index.php\/wp-json\/wp\/v2\/product_tag?post=3734"}],"curies":[{"name":"wp","href":"https:\/\/api.w.org\/{rel}","templated":true}]}}