{"id":3750,"date":"2023-08-18T10:25:28","date_gmt":"2023-08-18T15:25:28","guid":{"rendered":"https:\/\/biomedicals.com.co\/?post_type=product&#038;p=3750"},"modified":"2023-08-18T10:25:28","modified_gmt":"2023-08-18T15:25:28","slug":"manguera-de-una-via-tipo-adulto-pediatrico","status":"publish","type":"product","link":"https:\/\/biomedicals.com.co\/index.php\/producto\/manguera-de-una-via-tipo-adulto-pediatrico\/","title":{"rendered":"Manguera de una v\u00eda tipo adulto- Pedi\u00e1trico"},"content":{"rendered":"<pre><span style=\"font-weight: 400;\">Manguera de una v\u00eda, tipo adulto, 3.0m, conexi\u00f3n presi\u00f3n, compatible con diferentes marcas de equipos m\u00e9dicos. <\/span>\r\n\r\n<b>CARACTER\u00cdSTICAS:<\/b>\r\n\r\n<span style=\"font-weight: 400;\">Longitud: 3m<\/span><span style=\"font-weight: 400;\">\r\n<\/span><span style=\"font-weight: 400;\">Temperatura de almacenamiento: -10 a 40\u00baC<\/span><span style=\"font-weight: 400;\">\r\n<\/span><span style=\"font-weight: 400;\">Componentes: Manguera de una v\u00eda \u2013 Conector presi\u00f3n.<\/span>\r\n\r\n<b>INDICACIONES DE USO:<\/b>\r\n\r\n<span style=\"font-weight: 400;\">Revise el buen estado de la manguera.<\/span><span style=\"font-weight: 400;\">\r\n<\/span><span style=\"font-weight: 400;\">Realice la conexi\u00f3n.<\/span><span style=\"font-weight: 400;\">\r\n<\/span><span style=\"font-weight: 400;\">Realice prueba funcional.<\/span>\r\n\r\n<b>TIPO DE PACIENTE:<\/b><span style=\"font-weight: 400;\"> Adulto.<\/span>\r\n\r\n<b>TIPO DE USO:<\/b><span style=\"font-weight: 400;\"> Reusable.<\/span>\r\n\r\n<b>PRESENTACIONES:<\/b><span style=\"font-weight: 400;\"> Una v\u00eda.<\/span><\/pre>\n","protected":false},"excerpt":{"rendered":"<p><span style=\"font-weight: 400;\">Manguera de una v\u00eda, tipo adulto, 3.0m, conexi\u00f3n presi\u00f3n, compatible con diferentes marcas de equipos m\u00e9dicos. <\/span><\/p>\n","protected":false},"featured_media":3751,"comment_status":"open","ping_status":"closed","template":"","meta":[],"product_cat":[122,110],"product_tag":[],"acf":[],"aioseo_notices":[],"_links":{"self":[{"href":"https:\/\/biomedicals.com.co\/index.php\/wp-json\/wp\/v2\/product\/3750"}],"collection":[{"href":"https:\/\/biomedicals.com.co\/index.php\/wp-json\/wp\/v2\/product"}],"about":[{"href":"https:\/\/biomedicals.com.co\/index.php\/wp-json\/wp\/v2\/types\/product"}],"replies":[{"embeddable":true,"href":"https:\/\/biomedicals.com.co\/index.php\/wp-json\/wp\/v2\/comments?post=3750"}],"wp:featuredmedia":[{"embeddable":true,"href":"https:\/\/biomedicals.com.co\/index.php\/wp-json\/wp\/v2\/media\/3751"}],"wp:attachment":[{"href":"https:\/\/biomedicals.com.co\/index.php\/wp-json\/wp\/v2\/media?parent=3750"}],"wp:term":[{"taxonomy":"product_cat","embeddable":true,"href":"https:\/\/biomedicals.com.co\/index.php\/wp-json\/wp\/v2\/product_cat?post=3750"},{"taxonomy":"product_tag","embeddable":true,"href":"https:\/\/biomedicals.com.co\/index.php\/wp-json\/wp\/v2\/product_tag?post=3750"}],"curies":[{"name":"wp","href":"https:\/\/api.w.org\/{rel}","templated":true}]}}