{"id":4273,"date":"2023-10-05T11:44:40","date_gmt":"2023-10-05T16:44:40","guid":{"rendered":"https:\/\/biomedicals.com.co\/?post_type=product&#038;p=4273"},"modified":"2023-10-05T11:51:26","modified_gmt":"2023-10-05T16:51:26","slug":"escalerilla-de-dos-pasos-pintada","status":"publish","type":"product","link":"https:\/\/biomedicals.com.co\/index.php\/producto\/escalerilla-de-dos-pasos-pintada\/","title":{"rendered":"ESCALERILLA DE DOS PASOS PINTADA"},"content":{"rendered":"<p><strong>Caracter\u00edsticas:\u00a0<\/strong><\/p>\n<ul>\n<li>Estructura tubular met\u00e1lica cold-rolled<\/li>\n<li>Paso recubierto en caucho americano antideslizante y bocel<\/li>\n<li>Acabado general en pintura electrost\u00e1tica.<\/li>\n<li>Color almendra o Blanco<\/li>\n<li>Dim: 0.23m ancho x 0.34m largo x 0.42m alto.<\/li>\n<\/ul>\n<p>&nbsp;<\/p>\n","protected":false},"excerpt":{"rendered":"<p>Dise\u00f1ada para que el paciente pueda bajar o subir de una cama, camilla o div\u00e1n hospitalario con mayor facilidad y seguridad cuidando as\u00ed su integridad f\u00edsica<\/p>\n","protected":false},"featured_media":4274,"comment_status":"open","ping_status":"closed","template":"","meta":[],"product_cat":[125],"product_tag":[],"acf":[],"aioseo_notices":[],"_links":{"self":[{"href":"https:\/\/biomedicals.com.co\/index.php\/wp-json\/wp\/v2\/product\/4273"}],"collection":[{"href":"https:\/\/biomedicals.com.co\/index.php\/wp-json\/wp\/v2\/product"}],"about":[{"href":"https:\/\/biomedicals.com.co\/index.php\/wp-json\/wp\/v2\/types\/product"}],"replies":[{"embeddable":true,"href":"https:\/\/biomedicals.com.co\/index.php\/wp-json\/wp\/v2\/comments?post=4273"}],"wp:featuredmedia":[{"embeddable":true,"href":"https:\/\/biomedicals.com.co\/index.php\/wp-json\/wp\/v2\/media\/4274"}],"wp:attachment":[{"href":"https:\/\/biomedicals.com.co\/index.php\/wp-json\/wp\/v2\/media?parent=4273"}],"wp:term":[{"taxonomy":"product_cat","embeddable":true,"href":"https:\/\/biomedicals.com.co\/index.php\/wp-json\/wp\/v2\/product_cat?post=4273"},{"taxonomy":"product_tag","embeddable":true,"href":"https:\/\/biomedicals.com.co\/index.php\/wp-json\/wp\/v2\/product_tag?post=4273"}],"curies":[{"name":"wp","href":"https:\/\/api.w.org\/{rel}","templated":true}]}}