{"id":4289,"date":"2023-09-26T18:10:19","date_gmt":"2023-09-26T23:10:19","guid":{"rendered":"https:\/\/biomedicals.com.co\/?post_type=product&#038;p=4289"},"modified":"2023-10-05T11:51:27","modified_gmt":"2023-10-05T16:51:27","slug":"negatoscopio-de-dos-cuerpos","status":"publish","type":"product","link":"https:\/\/biomedicals.com.co\/index.php\/producto\/negatoscopio-de-dos-cuerpos\/","title":{"rendered":"NEGATOSCOPIO DE DOS CUERPOS"},"content":{"rendered":"<ul>\n<li>Construido en lamina cold-rolled<\/li>\n<li>Tubo fluorescente redondo para mayor distribuci\u00f3n de luz<\/li>\n<li>Instalaci\u00f3n el\u00e9ctrica segura para placa de 14&#8243; x 17 tapa acr\u00edlica<\/li>\n<li>Lechosa de alta resistencia<\/li>\n<li>Acabado general en pintura polvo electrost\u00e1tica. Color blanco<\/li>\n<li>Dim: 0.76m largo x 0.48m largo x 0.12m fondo<\/li>\n<\/ul>\n","protected":false},"excerpt":{"rendered":"<p>Es un dispositivo dise\u00f1ado para la observaci\u00f3n directa de los estudios de imagenolog\u00eda impresos en placas radiogr\u00e1ficas<\/p>\n","protected":false},"featured_media":4290,"comment_status":"open","ping_status":"closed","template":"","meta":[],"product_cat":[125],"product_tag":[],"acf":[],"aioseo_notices":[],"_links":{"self":[{"href":"https:\/\/biomedicals.com.co\/index.php\/wp-json\/wp\/v2\/product\/4289"}],"collection":[{"href":"https:\/\/biomedicals.com.co\/index.php\/wp-json\/wp\/v2\/product"}],"about":[{"href":"https:\/\/biomedicals.com.co\/index.php\/wp-json\/wp\/v2\/types\/product"}],"replies":[{"embeddable":true,"href":"https:\/\/biomedicals.com.co\/index.php\/wp-json\/wp\/v2\/comments?post=4289"}],"wp:featuredmedia":[{"embeddable":true,"href":"https:\/\/biomedicals.com.co\/index.php\/wp-json\/wp\/v2\/media\/4290"}],"wp:attachment":[{"href":"https:\/\/biomedicals.com.co\/index.php\/wp-json\/wp\/v2\/media?parent=4289"}],"wp:term":[{"taxonomy":"product_cat","embeddable":true,"href":"https:\/\/biomedicals.com.co\/index.php\/wp-json\/wp\/v2\/product_cat?post=4289"},{"taxonomy":"product_tag","embeddable":true,"href":"https:\/\/biomedicals.com.co\/index.php\/wp-json\/wp\/v2\/product_tag?post=4289"}],"curies":[{"name":"wp","href":"https:\/\/api.w.org\/{rel}","templated":true}]}}